{"id":2926,"date":"2023-02-23T13:32:42","date_gmt":"2023-02-23T12:32:42","guid":{"rendered":"https:\/\/vitarade.com\/warum-vitarade\/"},"modified":"2023-04-12T14:46:20","modified_gmt":"2023-04-12T12:46:20","slug":"warum-vitarade","status":"publish","type":"page","link":"https:\/\/vitarade.com\/de\/warum-vitarade\/","title":{"rendered":"Warum Vitarade\u00ae"},"content":{"rendered":"\t\t<div data-elementor-type=\"wp-page\" data-elementor-id=\"2926\" class=\"elementor elementor-2926 elementor-421\" data-elementor-post-type=\"page\">\n\t\t\t\t\t\t<section class=\"elementor-section elementor-top-section elementor-element elementor-element-b526e23 elementor-section-content-middle elementor-section-boxed elementor-section-height-default elementor-section-height-default\" data-id=\"b526e23\" data-element_type=\"section\">\n\t\t\t\t\t\t<div class=\"elementor-container elementor-column-gap-no\">\n\t\t\t\t\t<div class=\"elementor-column elementor-col-50 elementor-top-column elementor-element elementor-element-9be659d\" data-id=\"9be659d\" data-element_type=\"column\">\n\t\t\t<div class=\"elementor-widget-wrap elementor-element-populated\">\n\t\t\t\t\t\t<div class=\"elementor-element elementor-element-7d997aa animated-fast elementor-invisible elementor-widget elementor-widget-heading\" data-id=\"7d997aa\" data-element_type=\"widget\" data-settings=\"{&quot;_animation&quot;:&quot;fadeInUp&quot;,&quot;_animation_delay&quot;:100}\" data-widget_type=\"heading.default\">\n\t\t\t\t<div class=\"elementor-widget-container\">\n\t\t\t<h3 class=\"elementor-heading-title elementor-size-default\">Warum Vitarade\u00ae?<\/h3>\t\t<\/div>\n\t\t\t\t<\/div>\n\t\t\t\t<div class=\"elementor-element elementor-element-a274ee8 animated-slow elementor-widget-divider--view-line elementor-invisible elementor-widget elementor-widget-divider\" data-id=\"a274ee8\" data-element_type=\"widget\" data-settings=\"{&quot;_animation&quot;:&quot;fadeInUp&quot;,&quot;_animation_delay&quot;:500}\" data-widget_type=\"divider.default\">\n\t\t\t\t<div class=\"elementor-widget-container\">\n\t\t\t\t\t<div class=\"elementor-divider\">\n\t\t\t<span class=\"elementor-divider-separator\">\n\t\t\t\t\t\t<\/span>\n\t\t<\/div>\n\t\t\t\t<\/div>\n\t\t\t\t<\/div>\n\t\t\t\t<div class=\"elementor-element elementor-element-007c29c animated-slow elementor-invisible elementor-widget elementor-widget-text-editor\" data-id=\"007c29c\" data-element_type=\"widget\" data-settings=\"{&quot;_animation&quot;:&quot;fadeIn&quot;}\" data-widget_type=\"text-editor.default\">\n\t\t\t\t<div class=\"elementor-widget-container\">\n\t\t\t\t\t\t\t<p>Vitarade<sup>\u00ae<\/sup> ist eine Marke, die auf einem patentierten Rohstoff &#8211; Vitargo<sup>\u00ae<\/sup> &#8211; basiert, der ideal f\u00fcr Ausdauer-, Ausdauerkraft- und gemischte Sportarten geeignet ist. Alle Produkte sind sowohl f\u00fcr Ausdauersportler als auch f\u00fcr Freizeitsportler konzipiert, um eine effiziente Energieaufnahme und -verwertung bei l\u00e4ngerem Training und eine sofortige Wiederauff\u00fcllung des Muskelglykogens nach dem Training zu gew\u00e4hrleisten. <\/p>\n\t\t\t\t\t\t<\/div>\n\t\t\t\t<\/div>\n\t\t\t\t\t<\/div>\n\t\t<\/div>\n\t\t\t\t<div class=\"elementor-column elementor-col-50 elementor-top-column elementor-element elementor-element-6a11d0e\" data-id=\"6a11d0e\" data-element_type=\"column\">\n\t\t\t<div class=\"elementor-widget-wrap elementor-element-populated\">\n\t\t\t\t\t\t<div class=\"elementor-element elementor-element-e6bf426 elementor-widget elementor-widget-image\" data-id=\"e6bf426\" data-element_type=\"widget\" data-widget_type=\"image.default\">\n\t\t\t\t<div class=\"elementor-widget-container\">\n\t\t\t\t\t\t\t\t\t\t\t\t\t<img fetchpriority=\"high\" decoding=\"async\" width=\"600\" height=\"700\" src=\"https:\/\/vitarade.com\/wp-content\/uploads\/2023\/02\/section-image3.jpg\" class=\"elementor-animation-grow attachment-large size-large wp-image-191\" alt=\"\" srcset=\"https:\/\/vitarade.com\/wp-content\/uploads\/2023\/02\/section-image3.jpg 600w, https:\/\/vitarade.com\/wp-content\/uploads\/2023\/02\/section-image3-257x300.jpg 257w\" sizes=\"(max-width: 600px) 100vw, 600px\" \/>\t\t\t\t\t\t\t\t\t\t\t\t\t<\/div>\n\t\t\t\t<\/div>\n\t\t\t\t\t<\/div>\n\t\t<\/div>\n\t\t\t\t\t<\/div>\n\t\t<\/section>\n\t\t\t\t<section class=\"elementor-section elementor-top-section elementor-element elementor-element-9c81418 elementor-section-content-middle elementor-section-boxed elementor-section-height-default elementor-section-height-default\" data-id=\"9c81418\" data-element_type=\"section\" data-settings=\"{&quot;background_background&quot;:&quot;classic&quot;}\">\n\t\t\t\t\t\t<div class=\"elementor-container elementor-column-gap-no\">\n\t\t\t\t\t<div class=\"elementor-column elementor-col-50 elementor-top-column elementor-element elementor-element-ee6fe7a\" data-id=\"ee6fe7a\" data-element_type=\"column\">\n\t\t\t<div class=\"elementor-widget-wrap elementor-element-populated\">\n\t\t\t\t\t\t<div class=\"elementor-element elementor-element-bb5cdb4 animated-slow elementor-invisible elementor-widget elementor-widget-image\" data-id=\"bb5cdb4\" data-element_type=\"widget\" data-settings=\"{&quot;motion_fx_motion_fx_mouse&quot;:&quot;yes&quot;,&quot;_animation&quot;:&quot;fadeInUp&quot;}\" data-widget_type=\"image.default\">\n\t\t\t\t<div class=\"elementor-widget-container\">\n\t\t\t\t\t\t\t\t\t\t\t\t\t<img decoding=\"async\" width=\"600\" height=\"700\" src=\"https:\/\/vitarade.com\/wp-content\/uploads\/2023\/02\/vitarade_zbiorczy_v3_23_02_2023.png\" class=\"attachment-large size-large wp-image-427\" alt=\"\" srcset=\"https:\/\/vitarade.com\/wp-content\/uploads\/2023\/02\/vitarade_zbiorczy_v3_23_02_2023.png 600w, https:\/\/vitarade.com\/wp-content\/uploads\/2023\/02\/vitarade_zbiorczy_v3_23_02_2023-257x300.png 257w\" sizes=\"(max-width: 600px) 100vw, 600px\" \/>\t\t\t\t\t\t\t\t\t\t\t\t\t<\/div>\n\t\t\t\t<\/div>\n\t\t\t\t\t<\/div>\n\t\t<\/div>\n\t\t\t\t<div class=\"elementor-column elementor-col-50 elementor-top-column elementor-element elementor-element-9d4c871\" data-id=\"9d4c871\" data-element_type=\"column\">\n\t\t\t<div class=\"elementor-widget-wrap elementor-element-populated\">\n\t\t\t\t\t\t<div class=\"elementor-element elementor-element-9ee8b52 animated-slow elementor-widget-divider--view-line elementor-invisible elementor-widget elementor-widget-divider\" data-id=\"9ee8b52\" data-element_type=\"widget\" data-settings=\"{&quot;_animation&quot;:&quot;fadeInUp&quot;,&quot;_animation_delay&quot;:500}\" data-widget_type=\"divider.default\">\n\t\t\t\t<div class=\"elementor-widget-container\">\n\t\t\t\t\t<div class=\"elementor-divider\">\n\t\t\t<span class=\"elementor-divider-separator\">\n\t\t\t\t\t\t<\/span>\n\t\t<\/div>\n\t\t\t\t<\/div>\n\t\t\t\t<\/div>\n\t\t\t\t<div class=\"elementor-element elementor-element-add8661 animated-slow elementor-invisible elementor-widget elementor-widget-text-editor\" data-id=\"add8661\" data-element_type=\"widget\" data-settings=\"{&quot;_animation&quot;:&quot;fadeIn&quot;}\" data-widget_type=\"text-editor.default\">\n\t\t\t\t<div class=\"elementor-widget-container\">\n\t\t\t\t\t\t\t<p>Sowohl f\u00fcr Amateur- als auch f\u00fcr Profisportler ist eine entsprechende Ern\u00e4hrungsvorbereitung ebenso wichtig wie die Vorbereitung der Ausr\u00fcstung. Und genau wie eine Fahrradpanne oder zerlumpte Schuhe kann eine unzureichende Ern\u00e4hrung Pl\u00e4ne zum Erreichen von Trainingszielen oder sogar zum Beenden eines Rennwettkampfs zunichte machen. Leicht verdauliche Kohlenhydrate von Vitargo<sup>\u00ae<\/sup> k\u00f6nnen in einer solchen Situation helfen.  <\/p>\n<p>Der Hauptvorteil der hochmolekularen Kohlenhydrate von Vitargo<span style=\"font-size: 10.5px; line-height: 0; position: relative; vertical-align: baseline; top: -0.5em;\">\u00ae<\/span> ist ihre niedrige Osmolalit\u00e4t im Vergleich zu anderen Kohlenhydratformen (Glukose, Fruktose, Dextrose, Maltodextrin), die \u00fcblicherweise in anderen Kohlenhydrat-Nahrungserg\u00e4nzungsmitteln enthalten sind.<\/p>\n<p>Die Osmolalit\u00e4t h\u00e4ngt mit dem Vorhandensein osmotisch aktiver Substanzen in der L\u00f6sung zusammen, die u.a. den Fl\u00fcssigkeits- und N\u00e4hrstofftransport und die Geschwindigkeit der Magenentleerung bestimmen. L\u00f6sungen mit hoher Osmolalit\u00e4t (Dextrose, Maltodextrin) hemmen die Aufnahme von Fl\u00fcssigkeiten und N\u00e4hrstoffen aus dem Darmlumen und verringern die Magenentleerungsrate.  <\/p>\n<p>Vitargo<span style=\"font-size: 10.5px; line-height: 0; position: relative; vertical-align: baseline; top: -0.5em;\">\u00ae<\/span> enth\u00e4lt Kohlenhydrate mit hohem Molekulargewicht, so dass die Anzahl der einzelnen Partikel in der L\u00f6sung niedrig ist, was die Osmolalit\u00e4t der L\u00f6sung deutlich reduziert. Dar\u00fcber hinaus erh\u00f6ht die niedrige Osmolalit\u00e4t von Vitargo<span style=\"font-size: 10.5px; line-height: 0; position: relative; vertical-align: baseline; top: -0.5em;\">\u00ae<\/span> den Transport von Fl\u00fcssigkeiten aus dem Darmlumen, wodurch eine angemessene Hydratation des K\u00f6rpers sichergestellt wird.<\/p>\n<p>FA Vitarade<span style=\"font-size: 10.5px; line-height: 0; position: relative; vertical-align: baseline; top: -0.5em;\">\u00ae<\/span> umfasst eine komplette Reihe von Kohlenhydratprodukten f\u00fcr Sportler in Form von:<\/p>\n\t\t\t\t\t\t<\/div>\n\t\t\t\t<\/div>\n\t\t\t\t<div class=\"elementor-element elementor-element-2469d0a animated-slow elementor-icon-list--layout-traditional elementor-list-item-link-full_width elementor-invisible elementor-widget elementor-widget-icon-list\" data-id=\"2469d0a\" data-element_type=\"widget\" data-settings=\"{&quot;_animation&quot;:&quot;fadeIn&quot;}\" data-widget_type=\"icon-list.default\">\n\t\t\t\t<div class=\"elementor-widget-container\">\n\t\t\t\t\t<ul class=\"elementor-icon-list-items\">\n\t\t\t\t\t\t\t<li class=\"elementor-icon-list-item\">\n\t\t\t\t\t\t\t\t\t\t\t<span class=\"elementor-icon-list-icon\">\n\t\t\t\t\t\t\t<svg xmlns=\"http:\/\/www.w3.org\/2000\/svg\" xmlns:xlink=\"http:\/\/www.w3.org\/1999\/xlink\" id=\"Warstwa_1\" x=\"0px\" y=\"0px\" viewBox=\"0 0 6.71 10.4\" style=\"enable-background:new 0 0 6.71 10.4;\" xml:space=\"preserve\"><style type=\"text\/css\">\t.st0{fill:#BD1622;}<\/style><path class=\"st0\" d=\"M6.71,0.02C5.32,3.47,3.94,6.92,2.54,10.4C1.69,8.27,0.85,6.17,0,4.06C2.23,2.7,4.46,1.35,6.69,0 C6.7,0.01,6.7,0.01,6.71,0.02z\"><\/path><\/svg>\t\t\t\t\t\t<\/span>\n\t\t\t\t\t\t\t\t\t\t<span class=\"elementor-icon-list-text\">Riegeln<\/span>\n\t\t\t\t\t\t\t\t\t<\/li>\n\t\t\t\t\t\t\t\t<li class=\"elementor-icon-list-item\">\n\t\t\t\t\t\t\t\t\t\t\t<span class=\"elementor-icon-list-icon\">\n\t\t\t\t\t\t\t<svg xmlns=\"http:\/\/www.w3.org\/2000\/svg\" xmlns:xlink=\"http:\/\/www.w3.org\/1999\/xlink\" id=\"Warstwa_1\" x=\"0px\" y=\"0px\" viewBox=\"0 0 6.71 10.4\" style=\"enable-background:new 0 0 6.71 10.4;\" xml:space=\"preserve\"><style type=\"text\/css\">\t.st0{fill:#BD1622;}<\/style><path class=\"st0\" d=\"M6.71,0.02C5.32,3.47,3.94,6.92,2.54,10.4C1.69,8.27,0.85,6.17,0,4.06C2.23,2.7,4.46,1.35,6.69,0 C6.7,0.01,6.7,0.01,6.71,0.02z\"><\/path><\/svg>\t\t\t\t\t\t<\/span>\n\t\t\t\t\t\t\t\t\t\t<span class=\"elementor-icon-list-text\">Energiegels<\/span>\n\t\t\t\t\t\t\t\t\t<\/li>\n\t\t\t\t\t\t\t\t<li class=\"elementor-icon-list-item\">\n\t\t\t\t\t\t\t\t\t\t\t<span class=\"elementor-icon-list-icon\">\n\t\t\t\t\t\t\t<svg xmlns=\"http:\/\/www.w3.org\/2000\/svg\" xmlns:xlink=\"http:\/\/www.w3.org\/1999\/xlink\" id=\"Warstwa_1\" x=\"0px\" y=\"0px\" viewBox=\"0 0 6.71 10.4\" style=\"enable-background:new 0 0 6.71 10.4;\" xml:space=\"preserve\"><style type=\"text\/css\">\t.st0{fill:#BD1622;}<\/style><path class=\"st0\" d=\"M6.71,0.02C5.32,3.47,3.94,6.92,2.54,10.4C1.69,8.27,0.85,6.17,0,4.06C2.23,2.7,4.46,1.35,6.69,0 C6.7,0.01,6.7,0.01,6.71,0.02z\"><\/path><\/svg>\t\t\t\t\t\t<\/span>\n\t\t\t\t\t\t\t\t\t\t<span class=\"elementor-icon-list-text\">l\u00f6slichem Pulver zur Vorbereitung von Energydrinks<\/span>\n\t\t\t\t\t\t\t\t\t<\/li>\n\t\t\t\t\t\t<\/ul>\n\t\t\t\t<\/div>\n\t\t\t\t<\/div>\n\t\t\t\t\t<\/div>\n\t\t<\/div>\n\t\t\t\t\t<\/div>\n\t\t<\/section>\n\t\t\t\t<\/div>\n\t\t","protected":false},"excerpt":{"rendered":"<p>Warum Vitarade\u00ae? Vitarade\u00ae ist eine Marke, die auf einem patentierten Rohstoff &#8211; Vitargo\u00ae &#8211; basiert, der ideal f\u00fcr Ausdauer-, Ausdauerkraft- und gemischte Sportarten geeignet ist. Alle Produkte sind sowohl f\u00fcr [&hellip;]<\/p>\n","protected":false},"author":4,"featured_media":0,"parent":0,"menu_order":0,"comment_status":"closed","ping_status":"closed","template":"","meta":{"_acf_changed":false,"_price":"","_stock":"","_tribe_ticket_header":"","_tribe_default_ticket_provider":"","_tribe_ticket_capacity":"0","_ticket_start_date":"","_ticket_end_date":"","_tribe_ticket_show_description":"","_tribe_ticket_show_not_going":false,"_tribe_ticket_use_global_stock":"","_tribe_ticket_global_stock_level":"","_global_stock_mode":"","_global_stock_cap":"","_tribe_rsvp_for_event":"","_tribe_ticket_going_count":"","_tribe_ticket_not_going_count":"","_tribe_tickets_list":"[]","_tribe_ticket_has_attendee_info_fields":false,"footnotes":""},"class_list":["post-2926","page","type-page","status-publish","hentry"],"acf":[],"ticketed":false,"_links":{"self":[{"href":"https:\/\/vitarade.com\/de\/wp-json\/wp\/v2\/pages\/2926","targetHints":{"allow":["GET"]}}],"collection":[{"href":"https:\/\/vitarade.com\/de\/wp-json\/wp\/v2\/pages"}],"about":[{"href":"https:\/\/vitarade.com\/de\/wp-json\/wp\/v2\/types\/page"}],"author":[{"embeddable":true,"href":"https:\/\/vitarade.com\/de\/wp-json\/wp\/v2\/users\/4"}],"replies":[{"embeddable":true,"href":"https:\/\/vitarade.com\/de\/wp-json\/wp\/v2\/comments?post=2926"}],"version-history":[{"count":1,"href":"https:\/\/vitarade.com\/de\/wp-json\/wp\/v2\/pages\/2926\/revisions"}],"predecessor-version":[{"id":2927,"href":"https:\/\/vitarade.com\/de\/wp-json\/wp\/v2\/pages\/2926\/revisions\/2927"}],"wp:attachment":[{"href":"https:\/\/vitarade.com\/de\/wp-json\/wp\/v2\/media?parent=2926"}],"curies":[{"name":"wp","href":"https:\/\/api.w.org\/{rel}","templated":true}]}}