{"id":2934,"date":"2023-03-13T10:06:52","date_gmt":"2023-03-13T09:06:52","guid":{"rendered":"https:\/\/vitarade.com\/vitarade-team\/"},"modified":"2025-02-19T11:36:25","modified_gmt":"2025-02-19T10:36:25","slug":"vitarade-team","status":"publish","type":"page","link":"https:\/\/vitarade.com\/de\/vitarade-team\/","title":{"rendered":"Vitarade\u00ae Team"},"content":{"rendered":"\t\t<div data-elementor-type=\"wp-page\" data-elementor-id=\"2934\" class=\"elementor elementor-2934 elementor-1297\" data-elementor-post-type=\"page\">\n\t\t\t\t\t\t<section class=\"elementor-section elementor-top-section elementor-element elementor-element-6d6683c elementor-section-content-middle elementor-section-boxed elementor-section-height-default elementor-section-height-default\" data-id=\"6d6683c\" data-element_type=\"section\" data-settings=\"{&quot;background_background&quot;:&quot;classic&quot;}\">\n\t\t\t\t\t\t<div class=\"elementor-container elementor-column-gap-no\">\n\t\t\t\t\t<div class=\"elementor-column elementor-col-100 elementor-top-column elementor-element elementor-element-c226b42\" data-id=\"c226b42\" data-element_type=\"column\">\n\t\t\t<div class=\"elementor-widget-wrap elementor-element-populated\">\n\t\t\t\t\t\t<div class=\"elementor-element elementor-element-d612d8f elementor-invisible elementor-widget elementor-widget-heading\" data-id=\"d612d8f\" data-element_type=\"widget\" data-settings=\"{&quot;_animation&quot;:&quot;fadeInUp&quot;,&quot;_animation_delay&quot;:100}\" data-widget_type=\"heading.default\">\n\t\t\t\t<div class=\"elementor-widget-container\">\n\t\t\t<h3 class=\"elementor-heading-title elementor-size-default\">Vitarade\u00ae Team<\/h3>\t\t<\/div>\n\t\t\t\t<\/div>\n\t\t\t\t<div class=\"elementor-element elementor-element-4ee354b animated-slow elementor-widget-divider--view-line elementor-invisible elementor-widget elementor-widget-divider\" data-id=\"4ee354b\" data-element_type=\"widget\" data-settings=\"{&quot;_animation&quot;:&quot;fadeInUp&quot;,&quot;_animation_delay&quot;:500}\" data-widget_type=\"divider.default\">\n\t\t\t\t<div class=\"elementor-widget-container\">\n\t\t\t\t\t<div class=\"elementor-divider\">\n\t\t\t<span class=\"elementor-divider-separator\">\n\t\t\t\t\t\t<\/span>\n\t\t<\/div>\n\t\t\t\t<\/div>\n\t\t\t\t<\/div>\n\t\t\t\t<div class=\"elementor-element elementor-element-2d479fc elementor-invisible elementor-widget elementor-widget-text-editor\" data-id=\"2d479fc\" data-element_type=\"widget\" data-settings=\"{&quot;_animation&quot;:&quot;fadeIn&quot;}\" data-widget_type=\"text-editor.default\">\n\t\t\t\t<div class=\"elementor-widget-container\">\n\t\t\t\t\t\t\t<p>Wir sind wie Sie &#8211; anders und einzigartig. Uns verbindet ein gemeinsames Ziel &#8211; der Wunsch, die Grenzen unserer F\u00e4higkeiten zu testen und zu erweitern. Unter uns gibt es Sportbegeisterte und Amateure, Frauen und M\u00e4nner, j\u00fcngere und&#8230; erfahrenere Personen.  <\/p>\n<p>Wir sind auf der Suche nach Herausforderungen und&#8230; den besten L\u00f6sungen. Die Vitarade\u00ae-Produkte, die auf einer Reihe von drei patentierten Inhaltsstoffen basieren, sind eine ideale Unterst\u00fctzung und Unsere nat\u00fcrliche Wahl. <\/p>\n<p><strong>Schlie\u00dfen Sie sich uns an<\/strong> und erreichen Sie ein h\u00f6heres Niveau an Ausdauer.<\/p>\n\t\t\t\t\t\t<\/div>\n\t\t\t\t<\/div>\n\t\t\t\t\t<\/div>\n\t\t<\/div>\n\t\t\t\t\t<\/div>\n\t\t<\/section>\n\t\t\t\t<section class=\"elementor-section elementor-top-section elementor-element elementor-element-5a16c8c elementor-section-boxed elementor-section-height-default elementor-section-height-default\" data-id=\"5a16c8c\" data-element_type=\"section\">\n\t\t\t\t\t\t<div class=\"elementor-container elementor-column-gap-default\">\n\t\t\t\t\t<div class=\"elementor-column elementor-col-33 elementor-top-column elementor-element elementor-element-831c5e0\" data-id=\"831c5e0\" data-element_type=\"column\">\n\t\t\t<div class=\"elementor-widget-wrap elementor-element-populated\">\n\t\t\t\t\t\t<div class=\"elementor-element elementor-element-b67e9f3 elementor-flip-box--effect-slide elementor-flip-box--direction-up elementor-widget elementor-widget-flip-box\" data-id=\"b67e9f3\" data-element_type=\"widget\" data-widget_type=\"flip-box.default\">\n\t\t\t\t<div class=\"elementor-widget-container\">\n\t\t\t\t\t<div class=\"elementor-flip-box\" tabindex=\"0\">\n\t\t\t<div class=\"elementor-flip-box__layer elementor-flip-box__front\">\n\t\t\t\t<div class=\"elementor-flip-box__layer__overlay\">\n\t\t\t\t\t<div class=\"elementor-flip-box__layer__inner\">\n\t\t\t\t\t\t\t\t\t\t\t\t\t<div class=\"elementor-flip-box__image\">\n\t\t\t\t\t\t\t\t<img fetchpriority=\"high\" decoding=\"async\" width=\"521\" height=\"773\" src=\"https:\/\/vitarade.com\/wp-content\/uploads\/2023\/03\/lukasz-stroinski.png\" class=\"attachment-full size-full wp-image-1549\" alt=\"\" srcset=\"https:\/\/vitarade.com\/wp-content\/uploads\/2023\/03\/lukasz-stroinski.png 521w, https:\/\/vitarade.com\/wp-content\/uploads\/2023\/03\/lukasz-stroinski-202x300.png 202w\" sizes=\"(max-width: 521px) 100vw, 521px\" \/>\t\t\t\t\t\t\t<\/div>\n\t\t\t\t\t\t\n\t\t\t\t\t\t\t\t\t\t\t\t\t<h3 class=\"elementor-flip-box__layer__title\">\n\t\t\t\t\t\t\t\t\u0141ukasz Stroi\u0144ski\t\t\t\t\t\t\t<\/h3>\n\t\t\t\t\t\t\n\t\t\t\t\t\t\t\t\t\t\t<\/div>\n\t\t\t\t<\/div>\n\t\t\t<\/div>\n\t\t\t<div class=\"elementor-flip-box__layer elementor-flip-box__back\">\n\t\t\t<div class=\"elementor-flip-box__layer__overlay\">\n\t\t\t\t<div class=\"elementor-flip-box__layer__inner\">\n\t\t\t\t\t\t\t\t\t\t\t<h3 class=\"elementor-flip-box__layer__title\">\n\t\t\t\t\t\t\t\u0141ukasz Stroi\u0144ski\t\t\t\t\t\t<\/h3>\n\t\t\t\t\t\n\t\t\t\t\t\t\t\t\t\t\t<div class=\"elementor-flip-box__layer__description\">\n\t\t\t\t\t\t\tHallo, ich bin \u0141ukasz. Ich nehme zum ersten Mal am Runmageddon teil, aber das ist nicht mein erstes sportliches Abenteuer. Schon in jungen Jahren habe ich Rugby trainiert und besuchte Fitnessstudio. Jetzt, da ich den eif\u00f6rmigen Ball schon lange weggelegt habe und in meiner Freizeit ins Fitnessstudio gehe, kann ich mich auf der Runmageddon-Strecke testen und mir ein wenig Adrenalin geben. Gr\u00fcsse und wir sehen uns an der Strecke!     \t\t\t\t\t\t<\/div>\n\t\t\t\t\t\n\t\t\t\t\t\t\t\t<\/div>\n\t\t<\/div>\n\t\t<\/div>\n\t\t<\/div>\n\t\t\t\t<\/div>\n\t\t\t\t<\/div>\n\t\t\t\t\t<\/div>\n\t\t<\/div>\n\t\t\t\t<div class=\"elementor-column elementor-col-33 elementor-top-column elementor-element elementor-element-5814580\" data-id=\"5814580\" data-element_type=\"column\">\n\t\t\t<div class=\"elementor-widget-wrap elementor-element-populated\">\n\t\t\t\t\t\t<div class=\"elementor-element elementor-element-8903b47 elementor-flip-box--effect-slide elementor-flip-box--direction-up elementor-widget elementor-widget-flip-box\" data-id=\"8903b47\" data-element_type=\"widget\" data-widget_type=\"flip-box.default\">\n\t\t\t\t<div class=\"elementor-widget-container\">\n\t\t\t\t\t<div class=\"elementor-flip-box\" tabindex=\"0\">\n\t\t\t<div class=\"elementor-flip-box__layer elementor-flip-box__front\">\n\t\t\t\t<div class=\"elementor-flip-box__layer__overlay\">\n\t\t\t\t\t<div class=\"elementor-flip-box__layer__inner\">\n\t\t\t\t\t\t\t\t\t\t\t\t\t<div class=\"elementor-flip-box__image\">\n\t\t\t\t\t\t\t\t<img decoding=\"async\" width=\"521\" height=\"773\" src=\"https:\/\/vitarade.com\/wp-content\/uploads\/2023\/03\/joanna-zarebska.png\" class=\"attachment-full size-full wp-image-1545\" alt=\"\" srcset=\"https:\/\/vitarade.com\/wp-content\/uploads\/2023\/03\/joanna-zarebska.png 521w, https:\/\/vitarade.com\/wp-content\/uploads\/2023\/03\/joanna-zarebska-202x300.png 202w\" sizes=\"(max-width: 521px) 100vw, 521px\" \/>\t\t\t\t\t\t\t<\/div>\n\t\t\t\t\t\t\n\t\t\t\t\t\t\t\t\t\t\t\t\t<h3 class=\"elementor-flip-box__layer__title\">\n\t\t\t\t\t\t\t\tJoanna Zar\u0119bska\t\t\t\t\t\t\t<\/h3>\n\t\t\t\t\t\t\n\t\t\t\t\t\t\t\t\t\t\t<\/div>\n\t\t\t\t<\/div>\n\t\t\t<\/div>\n\t\t\t<div class=\"elementor-flip-box__layer elementor-flip-box__back\">\n\t\t\t<div class=\"elementor-flip-box__layer__overlay\">\n\t\t\t\t<div class=\"elementor-flip-box__layer__inner\">\n\t\t\t\t\t\t\t\t\t\t\t<h3 class=\"elementor-flip-box__layer__title\">\n\t\t\t\t\t\t\tJoanna Zar\u0119bska\t\t\t\t\t\t<\/h3>\n\t\t\t\t\t\n\t\t\t\t\t\t\t\t\t\t\t<div class=\"elementor-flip-box__layer__description\">\n\t\t\t\t\t\t\tHallo, ich bin Asia! Mein Abenteuer mit Runmageddon begann vor zwei Jahren, als ich zum ersten Mal an einem Wettbewerb teilnahm. Schlamm, Sand, Staub, Blut, Schwei\u00df, Tr\u00e4nen und nat\u00fcrlich... eiskaltes Wasser sind mir also nicht fremd. Es gef\u00e4llt mir diese Art von Aktivit\u00e4t. Da ich jeden Tag einen sitzenden Job habe, muss ich mich zum Ausgleich auf der Runmageddon-Strecke austoben! Wir sehen uns auf der Strecke!   \n\t\t\t\t\t\t<\/div>\n\t\t\t\t\t\n\t\t\t\t\t\t\t\t<\/div>\n\t\t<\/div>\n\t\t<\/div>\n\t\t<\/div>\n\t\t\t\t<\/div>\n\t\t\t\t<\/div>\n\t\t\t\t\t<\/div>\n\t\t<\/div>\n\t\t\t\t<div class=\"elementor-column elementor-col-33 elementor-top-column elementor-element elementor-element-4afdd29\" data-id=\"4afdd29\" data-element_type=\"column\">\n\t\t\t<div class=\"elementor-widget-wrap elementor-element-populated\">\n\t\t\t\t\t\t<div class=\"elementor-element elementor-element-e824523 elementor-flip-box--effect-slide elementor-flip-box--direction-up elementor-widget elementor-widget-flip-box\" data-id=\"e824523\" data-element_type=\"widget\" data-widget_type=\"flip-box.default\">\n\t\t\t\t<div class=\"elementor-widget-container\">\n\t\t\t\t\t<div class=\"elementor-flip-box\" tabindex=\"0\">\n\t\t\t<div class=\"elementor-flip-box__layer elementor-flip-box__front\">\n\t\t\t\t<div class=\"elementor-flip-box__layer__overlay\">\n\t\t\t\t\t<div class=\"elementor-flip-box__layer__inner\">\n\t\t\t\t\t\t\t\t\t\t\t\t\t<div class=\"elementor-flip-box__image\">\n\t\t\t\t\t\t\t\t<img decoding=\"async\" width=\"521\" height=\"773\" src=\"https:\/\/vitarade.com\/wp-content\/uploads\/2023\/03\/przemyslaw-walczak.png\" class=\"attachment-full size-full wp-image-1553\" alt=\"\" srcset=\"https:\/\/vitarade.com\/wp-content\/uploads\/2023\/03\/przemyslaw-walczak.png 521w, https:\/\/vitarade.com\/wp-content\/uploads\/2023\/03\/przemyslaw-walczak-202x300.png 202w\" sizes=\"(max-width: 521px) 100vw, 521px\" \/>\t\t\t\t\t\t\t<\/div>\n\t\t\t\t\t\t\n\t\t\t\t\t\t\t\t\t\t\t\t\t<h3 class=\"elementor-flip-box__layer__title\">\n\t\t\t\t\t\t\t\tPrzemys\u0142aw Walczak\t\t\t\t\t\t\t<\/h3>\n\t\t\t\t\t\t\n\t\t\t\t\t\t\t\t\t\t\t<\/div>\n\t\t\t\t<\/div>\n\t\t\t<\/div>\n\t\t\t<div class=\"elementor-flip-box__layer elementor-flip-box__back\">\n\t\t\t<div class=\"elementor-flip-box__layer__overlay\">\n\t\t\t\t<div class=\"elementor-flip-box__layer__inner\">\n\t\t\t\t\t\t\t\t\t\t\t<h3 class=\"elementor-flip-box__layer__title\">\n\t\t\t\t\t\t\tPrzemek Walczak\t\t\t\t\t\t<\/h3>\n\t\t\t\t\t\n\t\t\t\t\t\t\t\t\t\t\t<div class=\"elementor-flip-box__layer__description\">\n\t\t\t\t\t\t\tHallo, hier ist Przemek. Da ich einen sportlichen Lebensstil f\u00fchre, nehme ich an Runmageddon teil. Er wurde mir schon in meiner Kindheit von meinen Eltern beigebracht. Sowohl Mannschafts- als auch Einzelsportarten sind mir nicht fremd, und das Testen meiner F\u00e4higkeiten, der Wettbewerb und neue Herausforderungen machen mir viel Spa\u00df. Es wird das erste Mal sein, dass ich in einem solchen Format antrete, wor\u00fcber ich mich sehr freue. Das Wichtigste ist, dass ich Spa\u00df habe und ohne Verletzungen ins Ziel komme.     \t\t\t\t\t\t<\/div>\n\t\t\t\t\t\n\t\t\t\t\t\t\t\t<\/div>\n\t\t<\/div>\n\t\t<\/div>\n\t\t<\/div>\n\t\t\t\t<\/div>\n\t\t\t\t<\/div>\n\t\t\t\t\t<\/div>\n\t\t<\/div>\n\t\t\t\t\t<\/div>\n\t\t<\/section>\n\t\t\t\t<section class=\"elementor-section elementor-top-section elementor-element elementor-element-ebefc69 elementor-section-boxed elementor-section-height-default elementor-section-height-default\" data-id=\"ebefc69\" data-element_type=\"section\">\n\t\t\t\t\t\t<div class=\"elementor-container elementor-column-gap-default\">\n\t\t\t\t\t<div class=\"elementor-column elementor-col-33 elementor-top-column elementor-element elementor-element-e78e95d\" data-id=\"e78e95d\" data-element_type=\"column\">\n\t\t\t<div class=\"elementor-widget-wrap elementor-element-populated\">\n\t\t\t\t\t\t<div class=\"elementor-element elementor-element-1568ed4 elementor-flip-box--effect-slide elementor-flip-box--direction-up elementor-widget elementor-widget-flip-box\" data-id=\"1568ed4\" data-element_type=\"widget\" data-widget_type=\"flip-box.default\">\n\t\t\t\t<div class=\"elementor-widget-container\">\n\t\t\t\t\t<div class=\"elementor-flip-box\" tabindex=\"0\">\n\t\t\t<div class=\"elementor-flip-box__layer elementor-flip-box__front\">\n\t\t\t\t<div class=\"elementor-flip-box__layer__overlay\">\n\t\t\t\t\t<div class=\"elementor-flip-box__layer__inner\">\n\t\t\t\t\t\t\t\t\t\t\t\t\t<div class=\"elementor-flip-box__image\">\n\t\t\t\t\t\t\t\t<img loading=\"lazy\" decoding=\"async\" width=\"521\" height=\"773\" src=\"https:\/\/vitarade.com\/wp-content\/uploads\/2023\/03\/krzysztof-formela.png\" class=\"attachment-full size-full wp-image-1548\" alt=\"\" srcset=\"https:\/\/vitarade.com\/wp-content\/uploads\/2023\/03\/krzysztof-formela.png 521w, https:\/\/vitarade.com\/wp-content\/uploads\/2023\/03\/krzysztof-formela-202x300.png 202w\" sizes=\"(max-width: 521px) 100vw, 521px\" \/>\t\t\t\t\t\t\t<\/div>\n\t\t\t\t\t\t\n\t\t\t\t\t\t\t\t\t\t\t\t\t<h3 class=\"elementor-flip-box__layer__title\">\n\t\t\t\t\t\t\t\tSebastian Mekka\t\t\t\t\t\t\t<\/h3>\n\t\t\t\t\t\t\n\t\t\t\t\t\t\t\t\t\t\t<\/div>\n\t\t\t\t<\/div>\n\t\t\t<\/div>\n\t\t\t<div class=\"elementor-flip-box__layer elementor-flip-box__back\">\n\t\t\t<div class=\"elementor-flip-box__layer__overlay\">\n\t\t\t\t<div class=\"elementor-flip-box__layer__inner\">\n\t\t\t\t\t\t\t\t\t\t\t<h3 class=\"elementor-flip-box__layer__title\">\n\t\t\t\t\t\t\tSebastian Mekka\t\t\t\t\t\t<\/h3>\n\t\t\t\t\t\n\t\t\t\t\t\t\t\t\t\t\t<div class=\"elementor-flip-box__layer__description\">\n\t\t\t\t\t\t\tHallo, ich bin Seba. Ich nehme am Wettbewerb aus Spa\u00df teil und m\u00f6chte einfach meine F\u00e4higkeiten testen. Ich habe keine Ahnung, was passiert, aber ich hoffe, dass es toll sein wird!  \t\t\t\t\t\t<\/div>\n\t\t\t\t\t\n\t\t\t\t\t\t\t\t<\/div>\n\t\t<\/div>\n\t\t<\/div>\n\t\t<\/div>\n\t\t\t\t<\/div>\n\t\t\t\t<\/div>\n\t\t\t\t\t<\/div>\n\t\t<\/div>\n\t\t\t\t<div class=\"elementor-column elementor-col-33 elementor-top-column elementor-element elementor-element-532147e\" data-id=\"532147e\" data-element_type=\"column\">\n\t\t\t<div class=\"elementor-widget-wrap elementor-element-populated\">\n\t\t\t\t\t\t<div class=\"elementor-element elementor-element-e550a5b elementor-flip-box--effect-slide elementor-flip-box--direction-up elementor-widget elementor-widget-flip-box\" data-id=\"e550a5b\" data-element_type=\"widget\" data-widget_type=\"flip-box.default\">\n\t\t\t\t<div class=\"elementor-widget-container\">\n\t\t\t\t\t<div class=\"elementor-flip-box\" tabindex=\"0\">\n\t\t\t<div class=\"elementor-flip-box__layer elementor-flip-box__front\">\n\t\t\t\t<div class=\"elementor-flip-box__layer__overlay\">\n\t\t\t\t\t<div class=\"elementor-flip-box__layer__inner\">\n\t\t\t\t\t\t\t\t\t\t\t\t\t<div class=\"elementor-flip-box__image\">\n\t\t\t\t\t\t\t\t<img loading=\"lazy\" decoding=\"async\" width=\"1080\" height=\"1080\" src=\"https:\/\/vitarade.com\/wp-content\/uploads\/2024\/02\/vitarade-team-agnieszka-wolnicka-1-1.jpg\" class=\"attachment-full size-full wp-image-5042\" alt=\"\" srcset=\"https:\/\/vitarade.com\/wp-content\/uploads\/2024\/02\/vitarade-team-agnieszka-wolnicka-1-1.jpg 1080w, https:\/\/vitarade.com\/wp-content\/uploads\/2024\/02\/vitarade-team-agnieszka-wolnicka-1-1-300x300.jpg 300w, https:\/\/vitarade.com\/wp-content\/uploads\/2024\/02\/vitarade-team-agnieszka-wolnicka-1-1-1024x1024.jpg 1024w, https:\/\/vitarade.com\/wp-content\/uploads\/2024\/02\/vitarade-team-agnieszka-wolnicka-1-1-150x150.jpg 150w, https:\/\/vitarade.com\/wp-content\/uploads\/2024\/02\/vitarade-team-agnieszka-wolnicka-1-1-768x768.jpg 768w, https:\/\/vitarade.com\/wp-content\/uploads\/2024\/02\/vitarade-team-agnieszka-wolnicka-1-1-600x600.jpg 600w, https:\/\/vitarade.com\/wp-content\/uploads\/2024\/02\/vitarade-team-agnieszka-wolnicka-1-1-100x100.jpg 100w\" sizes=\"(max-width: 1080px) 100vw, 1080px\" \/>\t\t\t\t\t\t\t<\/div>\n\t\t\t\t\t\t\n\t\t\t\t\t\t\t\t\t\t\t\t\t<h3 class=\"elementor-flip-box__layer__title\">\n\t\t\t\t\t\t\t\tAgnieszka Wolnicka\t\t\t\t\t\t\t<\/h3>\n\t\t\t\t\t\t\n\t\t\t\t\t\t\t\t\t\t\t<\/div>\n\t\t\t\t<\/div>\n\t\t\t<\/div>\n\t\t\t<div class=\"elementor-flip-box__layer elementor-flip-box__back\">\n\t\t\t<div class=\"elementor-flip-box__layer__overlay\">\n\t\t\t\t<div class=\"elementor-flip-box__layer__inner\">\n\t\t\t\t\t\t\t\t\t\t\t<h3 class=\"elementor-flip-box__layer__title\">\n\t\t\t\t\t\t\tAgnieszka Wolnicka\t\t\t\t\t\t<\/h3>\n\t\t\t\t\t\n\t\t\t\t\t\n\t\t\t\t\t\t\t\t<\/div>\n\t\t<\/div>\n\t\t<\/div>\n\t\t<\/div>\n\t\t\t\t<\/div>\n\t\t\t\t<\/div>\n\t\t\t\t\t<\/div>\n\t\t<\/div>\n\t\t\t\t<div class=\"elementor-column elementor-col-33 elementor-top-column elementor-element elementor-element-3550dc6\" data-id=\"3550dc6\" data-element_type=\"column\">\n\t\t\t<div class=\"elementor-widget-wrap elementor-element-populated\">\n\t\t\t\t\t\t<div class=\"elementor-element elementor-element-0ff5849 elementor-flip-box--effect-slide elementor-flip-box--direction-up elementor-widget elementor-widget-flip-box\" data-id=\"0ff5849\" data-element_type=\"widget\" data-widget_type=\"flip-box.default\">\n\t\t\t\t<div class=\"elementor-widget-container\">\n\t\t\t\t\t<div class=\"elementor-flip-box\" tabindex=\"0\">\n\t\t\t<div class=\"elementor-flip-box__layer elementor-flip-box__front\">\n\t\t\t\t<div class=\"elementor-flip-box__layer__overlay\">\n\t\t\t\t\t<div class=\"elementor-flip-box__layer__inner\">\n\t\t\t\t\t\t\t\t\t\t\t\t\t<div class=\"elementor-flip-box__image\">\n\t\t\t\t\t\t\t\t<img loading=\"lazy\" decoding=\"async\" width=\"1080\" height=\"1080\" src=\"https:\/\/vitarade.com\/wp-content\/uploads\/2024\/02\/vitarade-team-krystian-kamieniarz-1-1.jpg\" class=\"attachment-full size-full wp-image-5045\" alt=\"\" srcset=\"https:\/\/vitarade.com\/wp-content\/uploads\/2024\/02\/vitarade-team-krystian-kamieniarz-1-1.jpg 1080w, https:\/\/vitarade.com\/wp-content\/uploads\/2024\/02\/vitarade-team-krystian-kamieniarz-1-1-300x300.jpg 300w, https:\/\/vitarade.com\/wp-content\/uploads\/2024\/02\/vitarade-team-krystian-kamieniarz-1-1-1024x1024.jpg 1024w, https:\/\/vitarade.com\/wp-content\/uploads\/2024\/02\/vitarade-team-krystian-kamieniarz-1-1-150x150.jpg 150w, https:\/\/vitarade.com\/wp-content\/uploads\/2024\/02\/vitarade-team-krystian-kamieniarz-1-1-768x768.jpg 768w, https:\/\/vitarade.com\/wp-content\/uploads\/2024\/02\/vitarade-team-krystian-kamieniarz-1-1-600x600.jpg 600w, https:\/\/vitarade.com\/wp-content\/uploads\/2024\/02\/vitarade-team-krystian-kamieniarz-1-1-100x100.jpg 100w\" sizes=\"(max-width: 1080px) 100vw, 1080px\" \/>\t\t\t\t\t\t\t<\/div>\n\t\t\t\t\t\t\n\t\t\t\t\t\t\t\t\t\t\t\t\t<h3 class=\"elementor-flip-box__layer__title\">\n\t\t\t\t\t\t\t\tKrystian Kamieniarz\t\t\t\t\t\t\t<\/h3>\n\t\t\t\t\t\t\n\t\t\t\t\t\t\t\t\t\t\t<\/div>\n\t\t\t\t<\/div>\n\t\t\t<\/div>\n\t\t\t<div class=\"elementor-flip-box__layer elementor-flip-box__back\">\n\t\t\t<div class=\"elementor-flip-box__layer__overlay\">\n\t\t\t\t<div class=\"elementor-flip-box__layer__inner\">\n\t\t\t\t\t\t\t\t\t\t\t<h3 class=\"elementor-flip-box__layer__title\">\n\t\t\t\t\t\t\tKrystian Kamieniarz\t\t\t\t\t\t<\/h3>\n\t\t\t\t\t\n\t\t\t\t\t\n\t\t\t\t\t\t\t\t<\/div>\n\t\t<\/div>\n\t\t<\/div>\n\t\t<\/div>\n\t\t\t\t<\/div>\n\t\t\t\t<\/div>\n\t\t\t\t\t<\/div>\n\t\t<\/div>\n\t\t\t\t\t<\/div>\n\t\t<\/section>\n\t\t\t\t<\/div>\n\t\t","protected":false},"excerpt":{"rendered":"<p>Vitarade\u00ae Team Wir sind wie Sie &#8211; anders und einzigartig. Uns verbindet ein gemeinsames Ziel &#8211; der Wunsch, die Grenzen unserer F\u00e4higkeiten zu testen und zu erweitern. Unter uns gibt [&hellip;]<\/p>\n","protected":false},"author":4,"featured_media":0,"parent":0,"menu_order":0,"comment_status":"closed","ping_status":"closed","template":"","meta":{"_acf_changed":false,"_price":"","_stock":"","_tribe_ticket_header":"","_tribe_default_ticket_provider":"","_tribe_ticket_capacity":"0","_ticket_start_date":"","_ticket_end_date":"","_tribe_ticket_show_description":"","_tribe_ticket_show_not_going":false,"_tribe_ticket_use_global_stock":"","_tribe_ticket_global_stock_level":"","_global_stock_mode":"","_global_stock_cap":"","_tribe_rsvp_for_event":"","_tribe_ticket_going_count":"","_tribe_ticket_not_going_count":"","_tribe_tickets_list":"[]","_tribe_ticket_has_attendee_info_fields":false,"footnotes":""},"class_list":["post-2934","page","type-page","status-publish","hentry"],"acf":[],"ticketed":false,"_links":{"self":[{"href":"https:\/\/vitarade.com\/de\/wp-json\/wp\/v2\/pages\/2934","targetHints":{"allow":["GET"]}}],"collection":[{"href":"https:\/\/vitarade.com\/de\/wp-json\/wp\/v2\/pages"}],"about":[{"href":"https:\/\/vitarade.com\/de\/wp-json\/wp\/v2\/types\/page"}],"author":[{"embeddable":true,"href":"https:\/\/vitarade.com\/de\/wp-json\/wp\/v2\/users\/4"}],"replies":[{"embeddable":true,"href":"https:\/\/vitarade.com\/de\/wp-json\/wp\/v2\/comments?post=2934"}],"version-history":[{"count":24,"href":"https:\/\/vitarade.com\/de\/wp-json\/wp\/v2\/pages\/2934\/revisions"}],"predecessor-version":[{"id":6252,"href":"https:\/\/vitarade.com\/de\/wp-json\/wp\/v2\/pages\/2934\/revisions\/6252"}],"wp:attachment":[{"href":"https:\/\/vitarade.com\/de\/wp-json\/wp\/v2\/media?parent=2934"}],"curies":[{"name":"wp","href":"https:\/\/api.w.org\/{rel}","templated":true}]}}