{"id":2942,"date":"2023-02-28T16:22:03","date_gmt":"2023-02-28T15:22:03","guid":{"rendered":"https:\/\/vitarade.com\/wir-basieren-auf-wissenschaftlichen-erkenntnissen\/"},"modified":"2023-04-19T08:06:59","modified_gmt":"2023-04-19T06:06:59","slug":"wir-basieren-auf-wissenschaftlichen-erkenntnissen","status":"publish","type":"page","link":"https:\/\/vitarade.com\/de\/wir-basieren-auf-wissenschaftlichen-erkenntnissen\/","title":{"rendered":"Wir Basieren auf Wissenschaftlichen Erkenntnissen"},"content":{"rendered":"\t\t<div data-elementor-type=\"wp-page\" data-elementor-id=\"2942\" class=\"elementor elementor-2942 elementor-444\" data-elementor-post-type=\"page\">\n\t\t\t\t\t\t<section class=\"elementor-section elementor-top-section elementor-element elementor-element-85ca54a elementor-section-content-middle elementor-section-boxed elementor-section-height-default elementor-section-height-default\" data-id=\"85ca54a\" data-element_type=\"section\" data-settings=\"{&quot;background_background&quot;:&quot;classic&quot;}\">\n\t\t\t\t\t\t<div class=\"elementor-container elementor-column-gap-no\">\n\t\t\t\t\t<div class=\"elementor-column elementor-col-50 elementor-top-column elementor-element elementor-element-449ff0e\" data-id=\"449ff0e\" data-element_type=\"column\">\n\t\t\t<div class=\"elementor-widget-wrap elementor-element-populated\">\n\t\t\t\t\t\t<div class=\"elementor-element elementor-element-335047e animated-fast elementor-invisible elementor-widget elementor-widget-heading\" data-id=\"335047e\" data-element_type=\"widget\" data-settings=\"{&quot;_animation&quot;:&quot;fadeInUp&quot;,&quot;_animation_delay&quot;:100}\" data-widget_type=\"heading.default\">\n\t\t\t\t<div class=\"elementor-widget-container\">\n\t\t\t<h3 class=\"elementor-heading-title elementor-size-default\">Wir Basieren auf Wissenschaftlichen Erkenntnissen<\/h3>\t\t<\/div>\n\t\t\t\t<\/div>\n\t\t\t\t<div class=\"elementor-element elementor-element-cb2e017 animated-slow elementor-widget-divider--view-line elementor-invisible elementor-widget elementor-widget-divider\" data-id=\"cb2e017\" data-element_type=\"widget\" data-settings=\"{&quot;_animation&quot;:&quot;fadeInUp&quot;,&quot;_animation_delay&quot;:500}\" data-widget_type=\"divider.default\">\n\t\t\t\t<div class=\"elementor-widget-container\">\n\t\t\t\t\t<div class=\"elementor-divider\">\n\t\t\t<span class=\"elementor-divider-separator\">\n\t\t\t\t\t\t<\/span>\n\t\t<\/div>\n\t\t\t\t<\/div>\n\t\t\t\t<\/div>\n\t\t\t\t\t<\/div>\n\t\t<\/div>\n\t\t\t\t<div class=\"elementor-column elementor-col-50 elementor-top-column elementor-element elementor-element-98187b6\" data-id=\"98187b6\" data-element_type=\"column\">\n\t\t\t<div class=\"elementor-widget-wrap\">\n\t\t\t\t\t\t\t<\/div>\n\t\t<\/div>\n\t\t\t\t\t<\/div>\n\t\t<\/section>\n\t\t\t\t<section class=\"elementor-section elementor-top-section elementor-element elementor-element-67ae361 elementor-section-boxed elementor-section-height-default elementor-section-height-default\" data-id=\"67ae361\" data-element_type=\"section\">\n\t\t\t\t\t\t<div class=\"elementor-container elementor-column-gap-default\">\n\t\t\t\t\t<div class=\"elementor-column elementor-col-100 elementor-top-column elementor-element elementor-element-2df4fb6\" data-id=\"2df4fb6\" data-element_type=\"column\" data-settings=\"{&quot;background_background&quot;:&quot;classic&quot;}\">\n\t\t\t<div class=\"elementor-widget-wrap elementor-element-populated\">\n\t\t\t\t\t\t<div class=\"elementor-element elementor-element-e399f10 elementor-widget elementor-widget-image\" data-id=\"e399f10\" data-element_type=\"widget\" data-widget_type=\"image.default\">\n\t\t\t\t<div class=\"elementor-widget-container\">\n\t\t\t\t\t\t\t\t\t\t\t\t\t<img fetchpriority=\"high\" decoding=\"async\" width=\"800\" height=\"356\" src=\"https:\/\/vitarade.com\/wp-content\/uploads\/2023\/04\/vitargo-nauka2-DE-1024x456.png\" class=\"attachment-large size-large wp-image-3134\" alt=\"\" srcset=\"https:\/\/vitarade.com\/wp-content\/uploads\/2023\/04\/vitargo-nauka2-DE-1024x456.png 1024w, https:\/\/vitarade.com\/wp-content\/uploads\/2023\/04\/vitargo-nauka2-DE-300x134.png 300w, https:\/\/vitarade.com\/wp-content\/uploads\/2023\/04\/vitargo-nauka2-DE-768x342.png 768w, https:\/\/vitarade.com\/wp-content\/uploads\/2023\/04\/vitargo-nauka2-DE-600x267.png 600w, https:\/\/vitarade.com\/wp-content\/uploads\/2023\/04\/vitargo-nauka2-DE.png 1200w\" sizes=\"(max-width: 800px) 100vw, 800px\" \/>\t\t\t\t\t\t\t\t\t\t\t\t\t<\/div>\n\t\t\t\t<\/div>\n\t\t\t\t<div class=\"elementor-element elementor-element-98621bc animated-slow elementor-invisible elementor-widget elementor-widget-text-editor\" data-id=\"98621bc\" data-element_type=\"widget\" data-settings=\"{&quot;_animation&quot;:&quot;fadeIn&quot;}\" data-widget_type=\"text-editor.default\">\n\t\t\t\t<div class=\"elementor-widget-container\">\n\t\t\t\t\t\t\t<p>Stephens FB, Roig M, Armstrong G, Greenhaff PL. Post-exercise ingestion of a unique, high molecular weight glucose polymer solution improves performance during a subsequent bout of cycling exercise. J Sports Sci. 2008 Jan 15;26(2):149-54.   <\/p>\n\t\t\t\t\t\t<\/div>\n\t\t\t\t<\/div>\n\t\t\t\t\t<\/div>\n\t\t<\/div>\n\t\t\t\t\t<\/div>\n\t\t<\/section>\n\t\t\t\t<section class=\"elementor-section elementor-top-section elementor-element elementor-element-a3ec651 elementor-section-boxed elementor-section-height-default elementor-section-height-default\" data-id=\"a3ec651\" data-element_type=\"section\">\n\t\t\t\t\t\t<div class=\"elementor-container elementor-column-gap-default\">\n\t\t\t\t\t<div class=\"elementor-column elementor-col-50 elementor-top-column elementor-element elementor-element-509fcf7\" data-id=\"509fcf7\" data-element_type=\"column\">\n\t\t\t<div class=\"elementor-widget-wrap elementor-element-populated\">\n\t\t\t\t\t\t<div class=\"elementor-element elementor-element-5c1e72c elementor-widget elementor-widget-image\" data-id=\"5c1e72c\" data-element_type=\"widget\" data-widget_type=\"image.default\">\n\t\t\t\t<div class=\"elementor-widget-container\">\n\t\t\t\t\t\t\t\t\t\t\t\t\t<img decoding=\"async\" width=\"800\" height=\"283\" src=\"https:\/\/vitarade.com\/wp-content\/uploads\/2023\/03\/vitargo_logo_black.png\" class=\"attachment-large size-large wp-image-1579\" alt=\"\" srcset=\"https:\/\/vitarade.com\/wp-content\/uploads\/2023\/03\/vitargo_logo_black.png 988w, https:\/\/vitarade.com\/wp-content\/uploads\/2023\/03\/vitargo_logo_black-300x106.png 300w, https:\/\/vitarade.com\/wp-content\/uploads\/2023\/03\/vitargo_logo_black-768x272.png 768w, https:\/\/vitarade.com\/wp-content\/uploads\/2023\/03\/vitargo_logo_black-600x213.png 600w\" sizes=\"(max-width: 800px) 100vw, 800px\" \/>\t\t\t\t\t\t\t\t\t\t\t\t\t<\/div>\n\t\t\t\t<\/div>\n\t\t\t\t<div class=\"elementor-element elementor-element-f418b5e animated-slow elementor-invisible elementor-widget elementor-widget-text-editor\" data-id=\"f418b5e\" data-element_type=\"widget\" data-settings=\"{&quot;_animation&quot;:&quot;fadeIn&quot;}\" data-widget_type=\"text-editor.default\">\n\t\t\t\t<div class=\"elementor-widget-container\">\n\t\t\t\t\t\t\t<p>In einer klinischen Studie wurde nachgewiesen, dass die Einnahme von Kohlenhydraten mit hohem Molekulargewicht (Vitargo<sup>\u00ae<\/sup>) den Sportlern im Vergleich zu anderen Zuckerquellen im Durchschnitt mehr als 10 % mehr Leistung w\u00e4hrend des Trainings und eine Steigerung des Gesamttrainingsvolumens um 23 % erm\u00f6glichte (Stephens et. al. 2008).<\/p>\n\t\t\t\t\t\t<\/div>\n\t\t\t\t<\/div>\n\t\t\t\t<div class=\"elementor-element elementor-element-3afa7d0 animated-slow elementor-invisible elementor-widget elementor-widget-text-editor\" data-id=\"3afa7d0\" data-element_type=\"widget\" data-settings=\"{&quot;_animation&quot;:&quot;fadeIn&quot;}\" data-widget_type=\"text-editor.default\">\n\t\t\t\t<div class=\"elementor-widget-container\">\n\t\t\t\t\t\t\t<p>Vitarade<sup>\u00ae<\/sup>&nbsp;zeichnet sich durch ein hohes Molekulargewicht und eine niedrige Osmolarit\u00e4t aus, wodurch es den Magen schneller als andere Kohlenhydratformen verl\u00e4sst und die beim Training verlorene Energie wieder erg\u00e4nzt.<\/p>\n<p>Wissenschaftliche Studien haben gezeigt, dass die Wiederherstellung des Glykogens nach dem Verzehr innerhalb von 1 Stunde um 70 % und innerhalb von 2 Stunden um 77 % schneller erfolgt als nach dem Verzehr der gleichen Menge an anderen Zuckern (Leiper et. al. 2000).<\/p>\t\t\t\t\t\t<\/div>\n\t\t\t\t<\/div>\n\t\t\t\t<div class=\"elementor-element elementor-element-32d1ca9 animated-slow elementor-invisible elementor-widget elementor-widget-text-editor\" data-id=\"32d1ca9\" data-element_type=\"widget\" data-settings=\"{&quot;_animation&quot;:&quot;fadeIn&quot;}\" data-widget_type=\"text-editor.default\">\n\t\t\t\t<div class=\"elementor-widget-container\">\n\t\t\t\t\t\t\t<p>Leiper JB, Aulin KP, S\u00f6derlund K. Improved gastric emptying rate in humans of a unique glucose polymer with gel-forming properties. Scand J Gastroenterol. 2000 Nov;35(11):1143-9  <\/p>\n<p>Stephens FB, Roig M, Armstrong G, Greenhaff PL. Post-exercise ingestion of a unique, high molecular weight glucose polymer solution improves performance during a subsequent bout of cycling exercise. J Sports Sci. 2008 Jan 15;26(2):149-54.   <\/p>\n\t\t\t\t\t\t<\/div>\n\t\t\t\t<\/div>\n\t\t\t\t\t<\/div>\n\t\t<\/div>\n\t\t\t\t<div class=\"elementor-column elementor-col-50 elementor-top-column elementor-element elementor-element-06f0aa8\" data-id=\"06f0aa8\" data-element_type=\"column\" data-settings=\"{&quot;background_background&quot;:&quot;classic&quot;}\">\n\t\t\t<div class=\"elementor-widget-wrap elementor-element-populated\">\n\t\t\t\t\t\t<div class=\"elementor-element elementor-element-4a3248f animated-slow elementor-invisible elementor-widget elementor-widget-text-editor\" data-id=\"4a3248f\" data-element_type=\"widget\" data-settings=\"{&quot;_animation&quot;:&quot;fadeIn&quot;}\" data-widget_type=\"text-editor.default\">\n\t\t\t\t<div class=\"elementor-widget-container\">\n\t\t\t\t\t\t\t<p>Vitargo<sup>\u00ae<\/sup> verl\u00e4sst den Magen um 130 % schneller.<\/p>\n\t\t\t\t\t\t<\/div>\n\t\t\t\t<\/div>\n\t\t\t\t<div class=\"elementor-element elementor-element-93084bc elementor-widget elementor-widget-progress\" data-id=\"93084bc\" data-element_type=\"widget\" data-widget_type=\"progress.default\">\n\t\t\t\t<div class=\"elementor-widget-container\">\n\t\t\t\t\t\t<span class=\"elementor-title\" id=\"elementor-progress-bar-93084bc\">\n\t\t\t\tVitargo\u00ae\t\t\t<\/span>\n\t\t\n\t\t<div aria-labelledby=\"elementor-progress-bar-93084bc\" class=\"elementor-progress-wrapper\" role=\"progressbar\" aria-valuemin=\"0\" aria-valuemax=\"100\" aria-valuenow=\"100\" aria-valuetext=\"100% (+ 130%)\">\n\t\t\t<div class=\"elementor-progress-bar\" data-max=\"100\">\n\t\t\t\t<span class=\"elementor-progress-text\">+ 130%<\/span>\n\t\t\t\t\t\t\t<\/div>\n\t\t<\/div>\n\t\t\t\t<\/div>\n\t\t\t\t<\/div>\n\t\t\t\t<div class=\"elementor-element elementor-element-655728c elementor-widget elementor-widget-progress\" data-id=\"655728c\" data-element_type=\"widget\" data-widget_type=\"progress.default\">\n\t\t\t\t<div class=\"elementor-widget-container\">\n\t\t\t\t\t\t<span class=\"elementor-title\" id=\"elementor-progress-bar-655728c\">\n\t\t\t\tMaltodextrin + andere Zuckerarten\t\t\t<\/span>\n\t\t\n\t\t<div aria-labelledby=\"elementor-progress-bar-655728c\" class=\"elementor-progress-wrapper\" role=\"progressbar\" aria-valuemin=\"0\" aria-valuemax=\"100\" aria-valuenow=\"45\">\n\t\t\t<div class=\"elementor-progress-bar\" data-max=\"45\">\n\t\t\t\t<span class=\"elementor-progress-text\"><\/span>\n\t\t\t\t\t\t\t<\/div>\n\t\t<\/div>\n\t\t\t\t<\/div>\n\t\t\t\t<\/div>\n\t\t\t\t<div class=\"elementor-element elementor-element-627d25f animated-slow elementor-invisible elementor-widget elementor-widget-text-editor\" data-id=\"627d25f\" data-element_type=\"widget\" data-settings=\"{&quot;_animation&quot;:&quot;fadeIn&quot;}\" data-widget_type=\"text-editor.default\">\n\t\t\t\t<div class=\"elementor-widget-container\">\n\t\t\t\t\t\t\t<p>77 % h\u00f6here Glykogenwiederherstellung innerhalb von 2 Stunden nach intensiver, glykogenverzehrenden Anstrengung.<\/p>\n\t\t\t\t\t\t<\/div>\n\t\t\t\t<\/div>\n\t\t\t\t<div class=\"elementor-element elementor-element-1d943e7 elementor-widget elementor-widget-progress\" data-id=\"1d943e7\" data-element_type=\"widget\" data-widget_type=\"progress.default\">\n\t\t\t\t<div class=\"elementor-widget-container\">\n\t\t\t\t\t\t<span class=\"elementor-title\" id=\"elementor-progress-bar-1d943e7\">\n\t\t\t\tVitargo\u00ae\t\t\t<\/span>\n\t\t\n\t\t<div aria-labelledby=\"elementor-progress-bar-1d943e7\" class=\"elementor-progress-wrapper\" role=\"progressbar\" aria-valuemin=\"0\" aria-valuemax=\"100\" aria-valuenow=\"100\" aria-valuetext=\"100% (+ 77%)\">\n\t\t\t<div class=\"elementor-progress-bar\" data-max=\"100\">\n\t\t\t\t<span class=\"elementor-progress-text\">+ 77%<\/span>\n\t\t\t\t\t\t\t<\/div>\n\t\t<\/div>\n\t\t\t\t<\/div>\n\t\t\t\t<\/div>\n\t\t\t\t<div class=\"elementor-element elementor-element-84ed916 elementor-widget elementor-widget-progress\" data-id=\"84ed916\" data-element_type=\"widget\" data-widget_type=\"progress.default\">\n\t\t\t\t<div class=\"elementor-widget-container\">\n\t\t\t\t\t\t<span class=\"elementor-title\" id=\"elementor-progress-bar-84ed916\">\n\t\t\t\tMaltodextrin + andere Zuckerarten\t\t\t<\/span>\n\t\t\n\t\t<div aria-labelledby=\"elementor-progress-bar-84ed916\" class=\"elementor-progress-wrapper\" role=\"progressbar\" aria-valuemin=\"0\" aria-valuemax=\"100\" aria-valuenow=\"55\">\n\t\t\t<div class=\"elementor-progress-bar\" data-max=\"55\">\n\t\t\t\t<span class=\"elementor-progress-text\"><\/span>\n\t\t\t\t\t\t\t<\/div>\n\t\t<\/div>\n\t\t\t\t<\/div>\n\t\t\t\t<\/div>\n\t\t\t\t<div class=\"elementor-element elementor-element-fa4a835 animated-slow elementor-invisible elementor-widget elementor-widget-text-editor\" data-id=\"fa4a835\" data-element_type=\"widget\" data-settings=\"{&quot;_animation&quot;:&quot;fadeIn&quot;}\" data-widget_type=\"text-editor.default\">\n\t\t\t\t<div class=\"elementor-widget-container\">\n\t\t\t\t\t\t\tLeiper JB, Aulin KP, S\u00f6derlund K. Improved gastric emptying rate in humans of a unique glucose polymer with gel-forming properties. Scand J Gastroenterol. 2000 Nov;35(11):1143-9  \n\t\t\t\t\t\t<\/div>\n\t\t\t\t<\/div>\n\t\t\t\t\t<\/div>\n\t\t<\/div>\n\t\t\t\t\t<\/div>\n\t\t<\/section>\n\t\t\t\t<section class=\"elementor-section elementor-top-section elementor-element elementor-element-7ae002e elementor-section-boxed elementor-section-height-default elementor-section-height-default\" data-id=\"7ae002e\" data-element_type=\"section\">\n\t\t\t\t\t\t<div class=\"elementor-container elementor-column-gap-default\">\n\t\t\t\t\t<div class=\"elementor-column elementor-col-50 elementor-top-column elementor-element elementor-element-4fdc54d\" data-id=\"4fdc54d\" data-element_type=\"column\" data-settings=\"{&quot;background_background&quot;:&quot;classic&quot;}\">\n\t\t\t<div class=\"elementor-widget-wrap elementor-element-populated\">\n\t\t\t\t\t\t<div class=\"elementor-element elementor-element-4cb57d3 animated-slow elementor-invisible elementor-widget elementor-widget-text-editor\" data-id=\"4cb57d3\" data-element_type=\"widget\" data-settings=\"{&quot;_animation&quot;:&quot;fadeIn&quot;}\" data-widget_type=\"text-editor.default\">\n\t\t\t\t<div class=\"elementor-widget-container\">\n\t\t\t\t\t\t\t<p>Blutzuckerspiegel nach Einnahme von Produkten mit unterschiedlichem GI.<\/p>\n\t\t\t\t\t\t<\/div>\n\t\t\t\t<\/div>\n\t\t\t\t<div class=\"elementor-element elementor-element-26fcb1f elementor-widget elementor-widget-image\" data-id=\"26fcb1f\" data-element_type=\"widget\" data-widget_type=\"image.default\">\n\t\t\t\t<div class=\"elementor-widget-container\">\n\t\t\t\t\t\t\t\t\t\t\t\t\t<img decoding=\"async\" width=\"800\" height=\"477\" src=\"https:\/\/vitarade.com\/wp-content\/uploads\/2023\/04\/wykres-vitarade-DE.png\" class=\"attachment-large size-large wp-image-3140\" alt=\"\" srcset=\"https:\/\/vitarade.com\/wp-content\/uploads\/2023\/04\/wykres-vitarade-DE.png 800w, https:\/\/vitarade.com\/wp-content\/uploads\/2023\/04\/wykres-vitarade-DE-300x179.png 300w, https:\/\/vitarade.com\/wp-content\/uploads\/2023\/04\/wykres-vitarade-DE-768x458.png 768w, https:\/\/vitarade.com\/wp-content\/uploads\/2023\/04\/wykres-vitarade-DE-600x358.png 600w\" sizes=\"(max-width: 800px) 100vw, 800px\" \/>\t\t\t\t\t\t\t\t\t\t\t\t\t<\/div>\n\t\t\t\t<\/div>\n\t\t\t\t\t<\/div>\n\t\t<\/div>\n\t\t\t\t<div class=\"elementor-column elementor-col-50 elementor-top-column elementor-element elementor-element-f68948b\" data-id=\"f68948b\" data-element_type=\"column\">\n\t\t\t<div class=\"elementor-widget-wrap elementor-element-populated\">\n\t\t\t\t\t\t<div class=\"elementor-element elementor-element-10f9432 elementor-widget elementor-widget-image\" data-id=\"10f9432\" data-element_type=\"widget\" data-widget_type=\"image.default\">\n\t\t\t\t<div class=\"elementor-widget-container\">\n\t\t\t\t\t\t\t\t\t\t\t\t\t<img loading=\"lazy\" decoding=\"async\" width=\"739\" height=\"350\" src=\"https:\/\/vitarade.com\/wp-content\/uploads\/2023\/03\/enduracarb_black.png\" class=\"attachment-large size-large wp-image-1522\" alt=\"\" srcset=\"https:\/\/vitarade.com\/wp-content\/uploads\/2023\/03\/enduracarb_black.png 739w, https:\/\/vitarade.com\/wp-content\/uploads\/2023\/03\/enduracarb_black-300x142.png 300w, https:\/\/vitarade.com\/wp-content\/uploads\/2023\/03\/enduracarb_black-600x284.png 600w\" sizes=\"(max-width: 739px) 100vw, 739px\" \/>\t\t\t\t\t\t\t\t\t\t\t\t\t<\/div>\n\t\t\t\t<\/div>\n\t\t\t\t<div class=\"elementor-element elementor-element-870cc46 animated-slow elementor-invisible elementor-widget elementor-widget-text-editor\" data-id=\"870cc46\" data-element_type=\"widget\" data-settings=\"{&quot;_animation&quot;:&quot;fadeIn&quot;}\" data-widget_type=\"text-editor.default\">\n\t\t\t\t<div class=\"elementor-widget-container\">\n\t\t\t\t\t\t\t<p>Vitarade<sup>\u00ae<\/sup>&nbsp; Vitargo<span style=\"font-size: 10.5px; line-height: 0; position: relative; vertical-align: baseline; top: -0.5em;\">\u00ae&nbsp;<\/span>-Pulver ist zus\u00e4tzlich mit Enduracarb<sup>\u00ae<\/sup> angereichert &#8211; einer patentierten Glukosequelle. In klinischen Studien wurde nachgewiesen, dass Trehalose weder Blutzuckerspitzen noch hohe Insulinaussch\u00fcttungen verursacht (Yoshizane C et. al. 2017). Aufgrund ihrer langsamen Freisetzung kann sie Sportler bei l\u00e4ngerer Belastung unterst\u00fctzen. In einer randomisierten Crossover-Studie von Prof. Suzuki und Team wurde eine signifikante Verbesserung der sportlichen Leistung w\u00e4hrend einer Anstrengung mit vorheriger Einnahme einer Trehalose-L\u00f6sung nachgewiesen (Suzuki, Y. et al. 2020).   <\/p>\n\t\t\t\t\t\t<\/div>\n\t\t\t\t<\/div>\n\t\t\t\t<div class=\"elementor-element elementor-element-b7b9d57 animated-slow elementor-invisible elementor-widget elementor-widget-text-editor\" data-id=\"b7b9d57\" data-element_type=\"widget\" data-settings=\"{&quot;_animation&quot;:&quot;fadeIn&quot;}\" data-widget_type=\"text-editor.default\">\n\t\t\t\t<div class=\"elementor-widget-container\">\n\t\t\t\t\t\t\t<p>Suzuki, Y. et al. &#8216;Pre-exercise Trehalose Ingestion Enhanced Exercise Performance in Male Collegiate Distance Runners\u2019 Natural Product Communications (2020)  <\/p>\n<p>Yoshizane C et. al. 2017. Glycemic, insulinemic and incretin responses after oral trehalose ingestion in healthy subjects. Nutr J. 2017 Feb 6;16(1):9. doi: 10.1186\/s12937-017-0233-x. PMID: 28166771;      <\/p>\n\t\t\t\t\t\t<\/div>\n\t\t\t\t<\/div>\n\t\t\t\t\t<\/div>\n\t\t<\/div>\n\t\t\t\t\t<\/div>\n\t\t<\/section>\n\t\t\t\t<section class=\"elementor-section elementor-top-section elementor-element elementor-element-5443826 elementor-section-boxed elementor-section-height-default elementor-section-height-default\" data-id=\"5443826\" data-element_type=\"section\">\n\t\t\t\t\t\t<div class=\"elementor-container elementor-column-gap-default\">\n\t\t\t\t\t<div class=\"elementor-column elementor-col-50 elementor-top-column elementor-element elementor-element-409d949\" data-id=\"409d949\" data-element_type=\"column\">\n\t\t\t<div class=\"elementor-widget-wrap elementor-element-populated\">\n\t\t\t\t\t\t<div class=\"elementor-element elementor-element-edddbb5 elementor-widget elementor-widget-image\" data-id=\"edddbb5\" data-element_type=\"widget\" data-widget_type=\"image.default\">\n\t\t\t\t<div class=\"elementor-widget-container\">\n\t\t\t\t\t\t\t\t\t\t\t\t\t<img loading=\"lazy\" decoding=\"async\" width=\"77\" height=\"50\" src=\"https:\/\/vitarade.com\/wp-content\/uploads\/2023\/02\/aqamin_logo.png\" class=\"attachment-thumbnail size-thumbnail wp-image-289\" alt=\"\" \/>\t\t\t\t\t\t\t\t\t\t\t\t\t<\/div>\n\t\t\t\t<\/div>\n\t\t\t\t<div class=\"elementor-element elementor-element-bb56772 animated-slow elementor-invisible elementor-widget elementor-widget-text-editor\" data-id=\"bb56772\" data-element_type=\"widget\" data-settings=\"{&quot;_animation&quot;:&quot;fadeIn&quot;}\" data-widget_type=\"text-editor.default\">\n\t\t\t\t<div class=\"elementor-widget-container\">\n\t\t\t\t\t\t\t<p>Die Vitarade<sup>\u00ae<\/sup> Vitargo<sup>\u00ae<\/sup>-Rezeptur wurde zus\u00e4tzlich mit nat\u00fcrlichen Mineralien Aquamin<sup>\u00ae<\/sup> Sea Minerals angereichert, die eine hohe Bioverf\u00fcgbarkeit aufweisen.<\/p>\n<p><strong>Vorteile der Verwendung von Aquamin<sup>\u00ae<\/sup><\/strong><\/p>\n<p>Der Mineralienkomplex aus Rotalgen (Seetang) von der irischen K\u00fcste ist zu 100 % pflanzlicher Herkunft. Er liefert Kalzium, Magnesium und mehr als 70 weitere wichtige Elemente. <\/p>\n<p>Mineralien sind bei Ausdauersportarten von unsch\u00e4tzbarem Wert, da mit dem Schwei\u00df wertvolle Mineralien verloren gehen. Diese werden als Elektrolyte bezeichnet und umfassen Chlorid, Natrium, Magnesium, Kalium und Kalzium. Sie sind wichtig f\u00fcr die korrekte Funktion von Herz, Gehirn und Muskeln und tragen dazu bei, die empfundene M\u00fcdigkeit zu verringern.  <\/p>\n\t\t\t\t\t\t<\/div>\n\t\t\t\t<\/div>\n\t\t\t\t\t<\/div>\n\t\t<\/div>\n\t\t\t\t<div class=\"elementor-column elementor-col-50 elementor-top-column elementor-element elementor-element-251e3c4\" data-id=\"251e3c4\" data-element_type=\"column\" data-settings=\"{&quot;background_background&quot;:&quot;classic&quot;}\">\n\t\t\t<div class=\"elementor-widget-wrap elementor-element-populated\">\n\t\t\t\t\t\t<div class=\"elementor-element elementor-element-2f60bf6 elementor-widget elementor-widget-spacer\" data-id=\"2f60bf6\" data-element_type=\"widget\" data-widget_type=\"spacer.default\">\n\t\t\t\t<div class=\"elementor-widget-container\">\n\t\t\t\t\t<div class=\"elementor-spacer\">\n\t\t\t<div class=\"elementor-spacer-inner\"><\/div>\n\t\t<\/div>\n\t\t\t\t<\/div>\n\t\t\t\t<\/div>\n\t\t\t\t\t<\/div>\n\t\t<\/div>\n\t\t\t\t\t<\/div>\n\t\t<\/section>\n\t\t\t\t<\/div>\n\t\t","protected":false},"excerpt":{"rendered":"<p>Wir Basieren auf Wissenschaftlichen Erkenntnissen Stephens FB, Roig M, Armstrong G, Greenhaff PL. Post-exercise ingestion of a unique, high molecular weight glucose polymer solution improves performance during a subsequent bout [&hellip;]<\/p>\n","protected":false},"author":1,"featured_media":0,"parent":0,"menu_order":0,"comment_status":"closed","ping_status":"closed","template":"","meta":{"_acf_changed":false,"_price":"","_stock":"","_tribe_ticket_header":"","_tribe_default_ticket_provider":"","_tribe_ticket_capacity":"0","_ticket_start_date":"","_ticket_end_date":"","_tribe_ticket_show_description":"","_tribe_ticket_show_not_going":false,"_tribe_ticket_use_global_stock":"","_tribe_ticket_global_stock_level":"","_global_stock_mode":"","_global_stock_cap":"","_tribe_rsvp_for_event":"","_tribe_ticket_going_count":"","_tribe_ticket_not_going_count":"","_tribe_tickets_list":"[]","_tribe_ticket_has_attendee_info_fields":false,"footnotes":""},"class_list":["post-2942","page","type-page","status-publish","hentry"],"acf":[],"ticketed":false,"_links":{"self":[{"href":"https:\/\/vitarade.com\/de\/wp-json\/wp\/v2\/pages\/2942","targetHints":{"allow":["GET"]}}],"collection":[{"href":"https:\/\/vitarade.com\/de\/wp-json\/wp\/v2\/pages"}],"about":[{"href":"https:\/\/vitarade.com\/de\/wp-json\/wp\/v2\/types\/page"}],"author":[{"embeddable":true,"href":"https:\/\/vitarade.com\/de\/wp-json\/wp\/v2\/users\/1"}],"replies":[{"embeddable":true,"href":"https:\/\/vitarade.com\/de\/wp-json\/wp\/v2\/comments?post=2942"}],"version-history":[{"count":4,"href":"https:\/\/vitarade.com\/de\/wp-json\/wp\/v2\/pages\/2942\/revisions"}],"predecessor-version":[{"id":3146,"href":"https:\/\/vitarade.com\/de\/wp-json\/wp\/v2\/pages\/2942\/revisions\/3146"}],"wp:attachment":[{"href":"https:\/\/vitarade.com\/de\/wp-json\/wp\/v2\/media?parent=2942"}],"curies":[{"name":"wp","href":"https:\/\/api.w.org\/{rel}","templated":true}]}}