{"id":2967,"date":"2023-03-06T14:20:17","date_gmt":"2023-03-06T13:20:17","guid":{"rendered":"https:\/\/vitarade.com\/produkt\/vitargo-liquid-energy\/"},"modified":"2025-02-12T11:22:23","modified_gmt":"2025-02-12T10:22:23","slug":"vitargo-liquid-energy","status":"publish","type":"product","link":"https:\/\/vitarade.com\/de\/produkt\/vitargo-liquid-energy\/","title":{"rendered":"Vitarade\u00ae Vitargo Liquid Energy 60 g"},"content":{"rendered":"\t\t<div data-elementor-type=\"section\" data-elementor-id=\"2948\" class=\"elementor elementor-2948 elementor-1679\" data-elementor-post-type=\"elementor_library\">\n\t\t\t\t\t<section class=\"elementor-section elementor-inner-section elementor-element elementor-element-252a6310 elementor-section-boxed elementor-section-height-default elementor-section-height-default\" data-id=\"252a6310\" data-element_type=\"section\">\n\t\t\t\t\t\t<div class=\"elementor-container elementor-column-gap-default\">\n\t\t\t\t\t<div class=\"elementor-column elementor-col-100 elementor-inner-column elementor-element elementor-element-3624882f\" data-id=\"3624882f\" data-element_type=\"column\">\n\t\t\t<div class=\"elementor-widget-wrap elementor-element-populated\">\n\t\t\t\t\t\t<div class=\"elementor-element elementor-element-26a2a22f animated-slow elementor-invisible elementor-widget elementor-widget-text-editor\" data-id=\"26a2a22f\" data-element_type=\"widget\" data-settings=\"{&quot;_animation&quot;:&quot;fadeIn&quot;}\" data-widget_type=\"text-editor.default\">\n\t\t\t\t<div class=\"elementor-widget-container\">\n\t\t\t\t\t\t\t<p>Vitarade<sup>\u00ae<\/sup> Liquid Energy ist ein Energiegel f\u00fcr Sportler. Die Einnahme von Kohlenhydraten wird besonders vor und w\u00e4hrend langer Anstrengungen empfohlen. Dank seiner fl\u00fcssigen Form muss das Produkt nicht mit Wasser verzehrt werden, was sein gro\u00dfer Vorteil ist.  <\/p>\n\t\t\t\t\t\t<\/div>\n\t\t\t\t<\/div>\n\t\t\t\t<div class=\"elementor-element elementor-element-7720ebd0 animated-slow elementor-icon-list--layout-traditional elementor-list-item-link-full_width elementor-invisible elementor-widget elementor-widget-icon-list\" data-id=\"7720ebd0\" data-element_type=\"widget\" data-settings=\"{&quot;_animation&quot;:&quot;fadeIn&quot;}\" data-widget_type=\"icon-list.default\">\n\t\t\t\t<div class=\"elementor-widget-container\">\n\t\t\t\t\t<ul class=\"elementor-icon-list-items\">\n\t\t\t\t\t\t\t<li class=\"elementor-icon-list-item\">\n\t\t\t\t\t\t\t\t\t\t\t<span class=\"elementor-icon-list-icon\">\n\t\t\t\t\t\t\t<svg xmlns=\"http:\/\/www.w3.org\/2000\/svg\" xmlns:xlink=\"http:\/\/www.w3.org\/1999\/xlink\" id=\"Warstwa_1\" x=\"0px\" y=\"0px\" viewBox=\"0 0 6.71 10.4\" style=\"enable-background:new 0 0 6.71 10.4;\" xml:space=\"preserve\"><path class=\"st0\" d=\"M6.71,0.02C5.32,3.47,3.94,6.92,2.54,10.4C1.69,8.27,0.85,6.17,0,4.06C2.23,2.7,4.46,1.35,6.69,0 C6.7,0.01,6.7,0.01,6.71,0.02z\"><\/path><\/svg>\t\t\t\t\t\t<\/span>\n\t\t\t\t\t\t\t\t\t\t<span class=\"elementor-icon-list-text\">Konzentrierte Form von Kohlenhydraten<\/span>\n\t\t\t\t\t\t\t\t\t<\/li>\n\t\t\t\t\t\t\t\t<li class=\"elementor-icon-list-item\">\n\t\t\t\t\t\t\t\t\t\t\t<span class=\"elementor-icon-list-icon\">\n\t\t\t\t\t\t\t<svg xmlns=\"http:\/\/www.w3.org\/2000\/svg\" xmlns:xlink=\"http:\/\/www.w3.org\/1999\/xlink\" id=\"Warstwa_1\" x=\"0px\" y=\"0px\" viewBox=\"0 0 6.71 10.4\" style=\"enable-background:new 0 0 6.71 10.4;\" xml:space=\"preserve\"><path class=\"st0\" d=\"M6.71,0.02C5.32,3.47,3.94,6.92,2.54,10.4C1.69,8.27,0.85,6.17,0,4.06C2.23,2.7,4.46,1.35,6.69,0 C6.7,0.01,6.7,0.01,6.71,0.02z\"><\/path><\/svg>\t\t\t\t\t\t<\/span>\n\t\t\t\t\t\t\t\t\t\t<span class=\"elementor-icon-list-text\">Verschiedene Arten von Kohlenhydraten<\/span>\n\t\t\t\t\t\t\t\t\t<\/li>\n\t\t\t\t\t\t\t\t<li class=\"elementor-icon-list-item\">\n\t\t\t\t\t\t\t\t\t\t\t<span class=\"elementor-icon-list-icon\">\n\t\t\t\t\t\t\t<svg xmlns=\"http:\/\/www.w3.org\/2000\/svg\" xmlns:xlink=\"http:\/\/www.w3.org\/1999\/xlink\" id=\"Warstwa_1\" x=\"0px\" y=\"0px\" viewBox=\"0 0 6.71 10.4\" style=\"enable-background:new 0 0 6.71 10.4;\" xml:space=\"preserve\"><path class=\"st0\" d=\"M6.71,0.02C5.32,3.47,3.94,6.92,2.54,10.4C1.69,8.27,0.85,6.17,0,4.06C2.23,2.7,4.46,1.35,6.69,0 C6.7,0.01,6.7,0.01,6.71,0.02z\"><\/path><\/svg>\t\t\t\t\t\t<\/span>\n\t\t\t\t\t\t\t\t\t\t<span class=\"elementor-icon-list-text\">Quelle von Kalium und Magnesium<\/span>\n\t\t\t\t\t\t\t\t\t<\/li>\n\t\t\t\t\t\t\t\t<li class=\"elementor-icon-list-item\">\n\t\t\t\t\t\t\t\t\t\t\t<span class=\"elementor-icon-list-icon\">\n\t\t\t\t\t\t\t<svg xmlns=\"http:\/\/www.w3.org\/2000\/svg\" xmlns:xlink=\"http:\/\/www.w3.org\/1999\/xlink\" id=\"Warstwa_1\" x=\"0px\" y=\"0px\" viewBox=\"0 0 6.71 10.4\" style=\"enable-background:new 0 0 6.71 10.4;\" xml:space=\"preserve\"><path class=\"st0\" d=\"M6.71,0.02C5.32,3.47,3.94,6.92,2.54,10.4C1.69,8.27,0.85,6.17,0,4.06C2.23,2.7,4.46,1.35,6.69,0 C6.7,0.01,6.7,0.01,6.71,0.02z\"><\/path><\/svg>\t\t\t\t\t\t<\/span>\n\t\t\t\t\t\t\t\t\t\t<span class=\"elementor-icon-list-text\">Enth\u00e4lt Koffein<\/span>\n\t\t\t\t\t\t\t\t\t<\/li>\n\t\t\t\t\t\t\t\t<li class=\"elementor-icon-list-item\">\n\t\t\t\t\t\t\t\t\t\t\t<span class=\"elementor-icon-list-icon\">\n\t\t\t\t\t\t\t<svg xmlns=\"http:\/\/www.w3.org\/2000\/svg\" xmlns:xlink=\"http:\/\/www.w3.org\/1999\/xlink\" id=\"Warstwa_1\" x=\"0px\" y=\"0px\" viewBox=\"0 0 6.71 10.4\" style=\"enable-background:new 0 0 6.71 10.4;\" xml:space=\"preserve\"><path class=\"st0\" d=\"M6.71,0.02C5.32,3.47,3.94,6.92,2.54,10.4C1.69,8.27,0.85,6.17,0,4.06C2.23,2.7,4.46,1.35,6.69,0 C6.7,0.01,6.7,0.01,6.71,0.02z\"><\/path><\/svg>\t\t\t\t\t\t<\/span>\n\t\t\t\t\t\t\t\t\t\t<span class=\"elementor-icon-list-text\">Gelkonsistenz<\/span>\n\t\t\t\t\t\t\t\t\t<\/li>\n\t\t\t\t\t\t\t\t<li class=\"elementor-icon-list-item\">\n\t\t\t\t\t\t\t\t\t\t\t<span class=\"elementor-icon-list-icon\">\n\t\t\t\t\t\t\t<svg xmlns=\"http:\/\/www.w3.org\/2000\/svg\" xmlns:xlink=\"http:\/\/www.w3.org\/1999\/xlink\" id=\"Warstwa_1\" x=\"0px\" y=\"0px\" viewBox=\"0 0 6.71 10.4\" style=\"enable-background:new 0 0 6.71 10.4;\" xml:space=\"preserve\"><path class=\"st0\" d=\"M6.71,0.02C5.32,3.47,3.94,6.92,2.54,10.4C1.69,8.27,0.85,6.17,0,4.06C2.23,2.7,4.46,1.35,6.69,0 C6.7,0.01,6.7,0.01,6.71,0.02z\"><\/path><\/svg>\t\t\t\t\t\t<\/span>\n\t\t\t\t\t\t\t\t\t\t<span class=\"elementor-icon-list-text\">Muss nicht mit Wasser verzehrt werden<\/span>\n\t\t\t\t\t\t\t\t\t<\/li>\n\t\t\t\t\t\t\t\t<li class=\"elementor-icon-list-item\">\n\t\t\t\t\t\t\t\t\t\t\t<span class=\"elementor-icon-list-icon\">\n\t\t\t\t\t\t\t<svg xmlns=\"http:\/\/www.w3.org\/2000\/svg\" xmlns:xlink=\"http:\/\/www.w3.org\/1999\/xlink\" id=\"Warstwa_1\" x=\"0px\" y=\"0px\" viewBox=\"0 0 6.71 10.4\" style=\"enable-background:new 0 0 6.71 10.4;\" xml:space=\"preserve\"><path class=\"st0\" d=\"M6.71,0.02C5.32,3.47,3.94,6.92,2.54,10.4C1.69,8.27,0.85,6.17,0,4.06C2.23,2.7,4.46,1.35,6.69,0 C6.7,0.01,6.7,0.01,6.71,0.02z\"><\/path><\/svg>\t\t\t\t\t\t<\/span>\n\t\t\t\t\t\t\t\t\t\t<span class=\"elementor-icon-list-text\">Erfrischender Geschmack und praktische Verpackung<\/span>\n\t\t\t\t\t\t\t\t\t<\/li>\n\t\t\t\t\t\t<\/ul>\n\t\t\t\t<\/div>\n\t\t\t\t<\/div>\n\t\t\t\t<div class=\"elementor-element elementor-element-61f80334 elementor-widget elementor-widget-heading\" data-id=\"61f80334\" data-element_type=\"widget\" data-widget_type=\"heading.default\">\n\t\t\t\t<div class=\"elementor-widget-container\">\n\t\t\t<h3 class=\"elementor-heading-title elementor-size-default\">Wann zu verwenden<\/h3>\t\t<\/div>\n\t\t\t\t<\/div>\n\t\t\t\t<div class=\"elementor-element elementor-element-770e6108 elementor-widget__width-auto elementor-widget elementor-widget-button\" data-id=\"770e6108\" data-element_type=\"widget\" data-widget_type=\"button.default\">\n\t\t\t\t<div class=\"elementor-widget-container\">\n\t\t\t\t\t\t\t<div class=\"elementor-button-wrapper\">\n\t\t\t\t\t<a class=\"elementor-button elementor-size-sm\" role=\"button\">\n\t\t\t\t\t\t<span class=\"elementor-button-content-wrapper\">\n\t\t\t\t\t\t\t\t\t<span class=\"elementor-button-text\">Vor dem Training<\/span>\n\t\t\t\t\t<\/span>\n\t\t\t\t\t<\/a>\n\t\t\t\t<\/div>\n\t\t\t\t\t\t<\/div>\n\t\t\t\t<\/div>\n\t\t\t\t<div class=\"elementor-element elementor-element-557cad14 elementor-widget__width-auto elementor-widget elementor-widget-button\" data-id=\"557cad14\" data-element_type=\"widget\" data-widget_type=\"button.default\">\n\t\t\t\t<div class=\"elementor-widget-container\">\n\t\t\t\t\t\t\t<div class=\"elementor-button-wrapper\">\n\t\t\t\t\t<a class=\"elementor-button elementor-size-sm\" role=\"button\">\n\t\t\t\t\t\t<span class=\"elementor-button-content-wrapper\">\n\t\t\t\t\t\t\t\t\t<span class=\"elementor-button-text\">W\u00e4hrend des Trainings<\/span>\n\t\t\t\t\t<\/span>\n\t\t\t\t\t<\/a>\n\t\t\t\t<\/div>\n\t\t\t\t\t\t<\/div>\n\t\t\t\t<\/div>\n\t\t\t\t<div class=\"elementor-element elementor-element-5800a944 elementor-widget__width-auto elementor-widget elementor-widget-button\" data-id=\"5800a944\" data-element_type=\"widget\" data-widget_type=\"button.default\">\n\t\t\t\t<div class=\"elementor-widget-container\">\n\t\t\t\t\t\t\t<div class=\"elementor-button-wrapper\">\n\t\t\t\t\t<a class=\"elementor-button elementor-size-sm\" role=\"button\">\n\t\t\t\t\t\t<span class=\"elementor-button-content-wrapper\">\n\t\t\t\t\t\t\t\t\t<span class=\"elementor-button-text\">Nach dem Training<\/span>\n\t\t\t\t\t<\/span>\n\t\t\t\t\t<\/a>\n\t\t\t\t<\/div>\n\t\t\t\t\t\t<\/div>\n\t\t\t\t<\/div>\n\t\t\t\t<div class=\"elementor-element elementor-element-56582974 elementor-widget elementor-widget-heading\" data-id=\"56582974\" data-element_type=\"widget\" data-widget_type=\"heading.default\">\n\t\t\t\t<div class=\"elementor-widget-container\">\n\t\t\t<h3 class=\"elementor-heading-title elementor-size-default\">Empfohlen f\u00fcr folgende Sportarten<\/h3>\t\t<\/div>\n\t\t\t\t<\/div>\n\t\t\t\t<div class=\"elementor-element elementor-element-2994e10a elementor-widget elementor-widget-image\" data-id=\"2994e10a\" data-element_type=\"widget\" data-widget_type=\"image.default\">\n\t\t\t\t<div class=\"elementor-widget-container\">\n\t\t\t\t\t\t\t\t\t\t\t\t\t<img fetchpriority=\"high\" decoding=\"async\" width=\"800\" height=\"73\" src=\"https:\/\/vitarade.com\/wp-content\/uploads\/2023\/03\/icons_sports_white_horizontal-1024x94.png\" class=\"attachment-large size-large wp-image-1656\" alt=\"\" srcset=\"https:\/\/vitarade.com\/wp-content\/uploads\/2023\/03\/icons_sports_white_horizontal-1024x94.png 1024w, https:\/\/vitarade.com\/wp-content\/uploads\/2023\/03\/icons_sports_white_horizontal-300x28.png 300w, https:\/\/vitarade.com\/wp-content\/uploads\/2023\/03\/icons_sports_white_horizontal-768x71.png 768w, https:\/\/vitarade.com\/wp-content\/uploads\/2023\/03\/icons_sports_white_horizontal-1536x141.png 1536w, https:\/\/vitarade.com\/wp-content\/uploads\/2023\/03\/icons_sports_white_horizontal-2048x188.png 2048w, https:\/\/vitarade.com\/wp-content\/uploads\/2023\/03\/icons_sports_white_horizontal-600x55.png 600w\" sizes=\"(max-width: 800px) 100vw, 800px\" \/>\t\t\t\t\t\t\t\t\t\t\t\t\t<\/div>\n\t\t\t\t<\/div>\n\t\t\t\t<div class=\"elementor-element elementor-element-5ce43a2f elementor-align-left animated-slow elementor-icon-list--layout-traditional elementor-list-item-link-full_width elementor-invisible elementor-widget elementor-widget-icon-list\" data-id=\"5ce43a2f\" data-element_type=\"widget\" data-settings=\"{&quot;_animation&quot;:&quot;fadeIn&quot;}\" data-widget_type=\"icon-list.default\">\n\t\t\t\t<div class=\"elementor-widget-container\">\n\t\t\t\t\t<ul class=\"elementor-icon-list-items\">\n\t\t\t\t\t\t\t<li class=\"elementor-icon-list-item\">\n\t\t\t\t\t\t\t\t\t\t\t<span class=\"elementor-icon-list-icon\">\n\t\t\t\t\t\t\t<svg xmlns=\"http:\/\/www.w3.org\/2000\/svg\" xmlns:xlink=\"http:\/\/www.w3.org\/1999\/xlink\" id=\"Warstwa_1\" x=\"0px\" y=\"0px\" viewBox=\"0 0 6.71 10.4\" style=\"enable-background:new 0 0 6.71 10.4;\" xml:space=\"preserve\"><style type=\"text\/css\">\t.st0{fill:#BD1622;}<\/style><path class=\"st0\" d=\"M6.71,0.02C5.32,3.47,3.94,6.92,2.54,10.4C1.69,8.27,0.85,6.17,0,4.06C2.23,2.7,4.46,1.35,6.69,0 C6.7,0.01,6.7,0.01,6.71,0.02z\"><\/path><\/svg>\t\t\t\t\t\t<\/span>\n\t\t\t\t\t\t\t\t\t\t<span class=\"elementor-icon-list-text\">Ausdauersportarten (Laufen, Radfahren, Schwimmen, Triathlon, Rudern, Kanusport, Skilanglauf, Eisschnelllauf u.\u00e4.)<\/span>\n\t\t\t\t\t\t\t\t\t<\/li>\n\t\t\t\t\t\t\t\t<li class=\"elementor-icon-list-item\">\n\t\t\t\t\t\t\t\t\t\t\t<span class=\"elementor-icon-list-icon\">\n\t\t\t\t\t\t\t<svg xmlns=\"http:\/\/www.w3.org\/2000\/svg\" xmlns:xlink=\"http:\/\/www.w3.org\/1999\/xlink\" id=\"Warstwa_1\" x=\"0px\" y=\"0px\" viewBox=\"0 0 6.71 10.4\" style=\"enable-background:new 0 0 6.71 10.4;\" xml:space=\"preserve\"><style type=\"text\/css\">\t.st0{fill:#BD1622;}<\/style><path class=\"st0\" d=\"M6.71,0.02C5.32,3.47,3.94,6.92,2.54,10.4C1.69,8.27,0.85,6.17,0,4.06C2.23,2.7,4.46,1.35,6.69,0 C6.7,0.01,6.7,0.01,6.71,0.02z\"><\/path><\/svg>\t\t\t\t\t\t<\/span>\n\t\t\t\t\t\t\t\t\t\t<span class=\"elementor-icon-list-text\">Gemischte Sportarten (Fu\u00dfball, Basketball, Volleyball, Handball, Hockey, Rugby, Tennis, Squash, Eiskunstlaufen, Skifahren u.\u00e4.)<\/span>\n\t\t\t\t\t\t\t\t\t<\/li>\n\t\t\t\t\t\t\t\t<li class=\"elementor-icon-list-item\">\n\t\t\t\t\t\t\t\t\t\t\t<span class=\"elementor-icon-list-icon\">\n\t\t\t\t\t\t\t<svg xmlns=\"http:\/\/www.w3.org\/2000\/svg\" xmlns:xlink=\"http:\/\/www.w3.org\/1999\/xlink\" id=\"Warstwa_1\" x=\"0px\" y=\"0px\" viewBox=\"0 0 6.71 10.4\" style=\"enable-background:new 0 0 6.71 10.4;\" xml:space=\"preserve\"><style type=\"text\/css\">\t.st0{fill:#BD1622;}<\/style><path class=\"st0\" d=\"M6.71,0.02C5.32,3.47,3.94,6.92,2.54,10.4C1.69,8.27,0.85,6.17,0,4.06C2.23,2.7,4.46,1.35,6.69,0 C6.7,0.01,6.7,0.01,6.71,0.02z\"><\/path><\/svg>\t\t\t\t\t\t<\/span>\n\t\t\t\t\t\t\t\t\t\t<span class=\"elementor-icon-list-text\">Kraft- und Schnellkraftsportarten (Bodybuilding, Gewichtheben, Sprinten, Sprung, Gymnastik, Kampfsportarten u.\u00e4.)<\/span>\n\t\t\t\t\t\t\t\t\t<\/li>\n\t\t\t\t\t\t<\/ul>\n\t\t\t\t<\/div>\n\t\t\t\t<\/div>\n\t\t\t\t<div class=\"elementor-element elementor-element-d90808d elementor-widget elementor-widget-heading\" data-id=\"d90808d\" data-element_type=\"widget\" data-widget_type=\"heading.default\">\n\t\t\t\t<div class=\"elementor-widget-container\">\n\t\t\t<h3 class=\"elementor-heading-title elementor-size-default\">Geschmacksrichtungen<\/h3>\t\t<\/div>\n\t\t\t\t<\/div>\n\t\t\t\t<div class=\"elementor-element elementor-element-8e73c2e animated-slow elementor-icon-list--layout-traditional elementor-list-item-link-full_width elementor-invisible elementor-widget elementor-widget-icon-list\" data-id=\"8e73c2e\" data-element_type=\"widget\" data-settings=\"{&quot;_animation&quot;:&quot;fadeIn&quot;}\" data-widget_type=\"icon-list.default\">\n\t\t\t\t<div class=\"elementor-widget-container\">\n\t\t\t\t\t<ul class=\"elementor-icon-list-items\">\n\t\t\t\t\t\t\t<li class=\"elementor-icon-list-item\">\n\t\t\t\t\t\t\t\t\t\t\t<span class=\"elementor-icon-list-icon\">\n\t\t\t\t\t\t\t<svg xmlns=\"http:\/\/www.w3.org\/2000\/svg\" xmlns:xlink=\"http:\/\/www.w3.org\/1999\/xlink\" id=\"Warstwa_1\" x=\"0px\" y=\"0px\" viewBox=\"0 0 6.71 10.4\" style=\"enable-background:new 0 0 6.71 10.4;\" xml:space=\"preserve\"><path class=\"st0\" d=\"M6.71,0.02C5.32,3.47,3.94,6.92,2.54,10.4C1.69,8.27,0.85,6.17,0,4.06C2.23,2.7,4.46,1.35,6.69,0 C6.7,0.01,6.7,0.01,6.71,0.02z\"><\/path><\/svg>\t\t\t\t\t\t<\/span>\n\t\t\t\t\t\t\t\t\t\t<span class=\"elementor-icon-list-text\">Cola<\/span>\n\t\t\t\t\t\t\t\t\t<\/li>\n\t\t\t\t\t\t\t\t<li class=\"elementor-icon-list-item\">\n\t\t\t\t\t\t\t\t\t\t\t<span class=\"elementor-icon-list-icon\">\n\t\t\t\t\t\t\t<svg xmlns=\"http:\/\/www.w3.org\/2000\/svg\" xmlns:xlink=\"http:\/\/www.w3.org\/1999\/xlink\" id=\"Warstwa_1\" x=\"0px\" y=\"0px\" viewBox=\"0 0 6.71 10.4\" style=\"enable-background:new 0 0 6.71 10.4;\" xml:space=\"preserve\"><path class=\"st0\" d=\"M6.71,0.02C5.32,3.47,3.94,6.92,2.54,10.4C1.69,8.27,0.85,6.17,0,4.06C2.23,2.7,4.46,1.35,6.69,0 C6.7,0.01,6.7,0.01,6.71,0.02z\"><\/path><\/svg>\t\t\t\t\t\t<\/span>\n\t\t\t\t\t\t\t\t\t\t<span class=\"elementor-icon-list-text\">Erdbeere<\/span>\n\t\t\t\t\t\t\t\t\t<\/li>\n\t\t\t\t\t\t<\/ul>\n\t\t\t\t<\/div>\n\t\t\t\t<\/div>\n\t\t\t\t\t<\/div>\n\t\t<\/div>\n\t\t\t\t\t<\/div>\n\t\t<\/section>\n\t\t\t\t<\/div>\n\t\t\n","protected":false},"excerpt":{"rendered":"","protected":false},"featured_media":2424,"comment_status":"open","ping_status":"closed","template":"","meta":{"_acf_changed":false,"_price":"5.56","_stock":"20.000000","_tribe_ticket_header":"","_tribe_default_ticket_provider":"","_tribe_ticket_capacity":"618","_ticket_start_date":"","_ticket_end_date":"","_tribe_ticket_show_description":"","_tribe_ticket_show_not_going":false,"_tribe_ticket_use_global_stock":"","_tribe_ticket_global_stock_level":"","_global_stock_mode":"","_global_stock_cap":"","_tribe_rsvp_for_event":"","_tribe_ticket_going_count":"","_tribe_ticket_not_going_count":"","_tribe_tickets_list":"[]","_tribe_ticket_has_attendee_info_fields":false},"product_cat":[71],"product_tag":[],"class_list":{"0":"post-2967","1":"product","2":"type-product","3":"status-publish","4":"has-post-thumbnail","6":"product_cat-gele","8":"first","9":"instock","10":"taxable","11":"shipping-taxable","12":"purchasable","13":"product-type-variable","14":"has-default-attributes"},"acf":[],"_links":{"self":[{"href":"https:\/\/vitarade.com\/de\/wp-json\/wp\/v2\/product\/2967","targetHints":{"allow":["GET"]}}],"collection":[{"href":"https:\/\/vitarade.com\/de\/wp-json\/wp\/v2\/product"}],"about":[{"href":"https:\/\/vitarade.com\/de\/wp-json\/wp\/v2\/types\/product"}],"replies":[{"embeddable":true,"href":"https:\/\/vitarade.com\/de\/wp-json\/wp\/v2\/comments?post=2967"}],"wp:featuredmedia":[{"embeddable":true,"href":"https:\/\/vitarade.com\/de\/wp-json\/wp\/v2\/media\/2424"}],"wp:attachment":[{"href":"https:\/\/vitarade.com\/de\/wp-json\/wp\/v2\/media?parent=2967"}],"wp:term":[{"taxonomy":"product_cat","embeddable":true,"href":"https:\/\/vitarade.com\/de\/wp-json\/wp\/v2\/product_cat?post=2967"},{"taxonomy":"product_tag","embeddable":true,"href":"https:\/\/vitarade.com\/de\/wp-json\/wp\/v2\/product_tag?post=2967"}],"curies":[{"name":"wp","href":"https:\/\/api.w.org\/{rel}","templated":true}]}}